{"id":16,"date":"2024-10-23T14:23:38","date_gmt":"2024-10-23T14:23:38","guid":{"rendered":"https:\/?page_id=16"},"modified":"2025-03-26T15:13:54","modified_gmt":"2025-03-26T15:13:54","slug":"about-us","status":"publish","type":"page","link":"https:\/\/lugarai.com\/es\/about-us\/","title":{"rendered":"Sobre Nosotros"},"content":{"rendered":"<div data-elementor-type=\"wp-page\" data-elementor-id=\"16\" class=\"elementor elementor-16\" data-elementor-post-type=\"page\">\n\t\t\t\t\t\t<section class=\"elementor-section elementor-top-section elementor-element elementor-element-da24666 elementor-section-stretched animated-slow elementor-section-boxed elementor-section-height-default elementor-section-height-default elementor-invisible\" data-id=\"da24666\" data-element_type=\"section\" data-settings=\"{&quot;background_background&quot;:&quot;classic&quot;,&quot;stretch_section&quot;:&quot;section-stretched&quot;,&quot;animation&quot;:&quot;fadeIn&quot;}\">\n\t\t\t\t\t\t\t<div class=\"elementor-background-overlay\"><\/div>\n\t\t\t\t\t\t\t<div class=\"elementor-container elementor-column-gap-default\">\n\t\t\t\t\t<div class=\"elementor-column elementor-col-100 elementor-top-column elementor-element elementor-element-38418ac\" data-id=\"38418ac\" data-element_type=\"column\">\n\t\t\t<div class=\"elementor-widget-wrap elementor-element-populated\">\n\t\t\t\t\t\t<div class=\"elementor-element elementor-element-906180e elementor-widget elementor-widget-heading\" data-id=\"906180e\" data-element_type=\"widget\" data-widget_type=\"heading.default\">\n\t\t\t\t<div class=\"elementor-widget-container\">\n\t\t\t\t\t<h2 class=\"elementor-heading-title elementor-size-default\">Sobre Nosotros<\/h2>\t\t\t\t<\/div>\n\t\t\t\t<\/div>\n\t\t\t\t<div class=\"elementor-element elementor-element-d070725 elementor-widget elementor-widget-heading\" data-id=\"d070725\" data-element_type=\"widget\" data-widget_type=\"heading.default\">\n\t\t\t\t<div class=\"elementor-widget-container\">\n\t\t\t\t\t<div class=\"elementor-heading-title elementor-size-default\">Ayudamos a quienes buscan hogar a encontrar la propiedad perfecta con la eficiencia de la IA.<\/div>\t\t\t\t<\/div>\n\t\t\t\t<\/div>\n\t\t\t\t<div class=\"elementor-element elementor-element-6651b99 elementor-widget__width-initial elementor-widget elementor-widget-text-editor\" data-id=\"6651b99\" data-element_type=\"widget\" data-widget_type=\"text-editor.default\">\n\t\t\t\t<div class=\"elementor-widget-container\">\n\t\t\t\t\t\t\t\t\t<p>Bienvenido a <strong>lugarAI<\/strong>, el asistente inteligente para bienes ra\u00edces que facilita como nunca la b\u00fasqueda de propiedades ideales.<\/p><p>Ayudamos a empresas inmobiliarias a ofrecer <strong>atenci\u00f3n instant\u00e1nea y automatizada con inteligencia artificial,<\/strong> guiando a los usuarios a las mejores propiedades<strong>mediante un chatbot<\/strong> integrado en su sitio web. Con <strong>lugarAI<\/strong>, los usuarios reciben recomendaciones personalizadas, informaci\u00f3n en tiempo real y una experiencia intuitiva, mientras que las empresas optimizan la interacci\u00f3n con clientes y mejoran la conversi\u00f3n de leads.<\/p><p>Nuestro asistente con IA est\u00e1 dise\u00f1ado para comprender <strong>consultas en lenguaje natural<\/strong>, lo que permite a compradores y arrendatarios describir lo que buscan con sus propias palabras. LugarAI refina la b\u00fasqueda con preguntas clave y entrega coincidencias precisas. Tambi\u00e9n ofrece informaci\u00f3n sobre barrios, amenidades y recorridos virtuales, mejorando la experiencia de compra y arriendo de propiedades.<\/p><p>Para las empresas inmobiliarias <strong>lugarAI es f\u00e1cil de integrar<\/strong> y no requiere conocimientos t\u00e9cnicos. Ya sea mediante carga de archivos CSV o conexi\u00f3n directa a bases de datos, nuestra plataforma se adapta a diferentes necesidades, haciendo la automatizaci\u00f3n accesible para negocios de todos los tama\u00f1os. Adem\u00e1s, ofrecemos soporte multiling\u00fce e integraci\u00f3n con CRM, permitiendo a las empresas capturar leads y gestionar relaciones con clientes sin complicaciones.<\/p><p>Nuestro objetivo es simple: <strong>hacer que la b\u00fasqueda de propiedades sea m\u00e1s inteligente, r\u00e1pida y eficiente para todos.<\/strong>.<\/p><h3>Conoce al equipo detr\u00e1s de lugarAI<\/h3><p>LugarAI ha sido desarrollado por un equipo apasionado de <strong>ingenieros, dise\u00f1adores, especialistas en inteligencia artificial y expertos en bienes ra\u00edces<\/strong> que comparten una visi\u00f3n de transformar el mercado inmobiliario a trav\u00e9s de la tecnolog\u00eda. La inteligencia artificial est\u00e1 en el centro de todo lo que hacemos: impulsa nuestro chatbot inteligente, define la experiencia del usuario y optimiza la manera en que se descubren y combinan las propiedades.<\/p><p>Nuestros ingenieros est\u00e1n especializados en inteligencia artificial de vanguardia, garantizando un sistema fluido y receptivo que aprende y se adapta con el tiempo. Nuestros dise\u00f1adores crean interfaces intuitivas y atractivas, aprovechando la IA para mejorar la interacci\u00f3n con los usuarios. Mientras tanto, nuestros especialistas en bienes ra\u00edces aportan un profundo conocimiento del mercado para refinar y optimizar la plataforma, asegurando que responda a las necesidades en constante evoluci\u00f3n tanto de quienes buscan propiedades como de las empresas inmobiliarias.<\/p><p>En lugarAI, no solo usamos inteligencia artificial, sino que dise\u00f1amos con ella. Est\u00e1 integrada en nuestro proceso, desde el an\u00e1lisis de datos hasta la automatizaci\u00f3n inteligente, haciendo que la b\u00fasqueda de propiedades sea m\u00e1s intuitiva, personalizada y eficiente.<\/p><p><a href=\"https:\/\/lugarai.com\/es\/how-it-works\/\">\ud83d\udd27 <strong>C\u00d3MO FUNCIONA<\/strong> Descubre c\u00f3mo lugarAI transforma la interacci\u00f3n en el mercado inmobiliario.<\/a><\/p><p><a href=\"https:\/\/lugarai.com\/es\/join-the-waitlist\/\">\ud83d\udce9 <strong>\u00daNETE A LA LISTA DE ESPERA<\/strong> \u00bfQuieres verlo en acci\u00f3n? \u00a1Reg\u00edstrate ahora!<\/a><\/p>\t\t\t\t\t\t\t\t<\/div>\n\t\t\t\t<\/div>\n\t\t\t\t<div class=\"elementor-element elementor-element-e653fa5 elementor-widget elementor-widget-image\" data-id=\"e653fa5\" data-element_type=\"widget\" data-widget_type=\"image.default\">\n\t\t\t\t<div class=\"elementor-widget-container\">\n\t\t\t\t\t\t\t\t\t\t\t\t\t\t\t<img decoding=\"async\" src=\"\/\/\/wp-content\/uploads\/2024\/10\/office1.jpg\" title=\"\" alt=\"\" loading=\"lazy\" \/>\t\t\t\t\t\t\t\t\t\t\t\t\t\t\t<\/div>\n\t\t\t\t<\/div>\n\t\t\t\t\t<\/div>\n\t\t<\/div>\n\t\t\t\t\t<\/div>\n\t\t<\/section>\n\t\t<div class=\"elementor-element elementor-element-697f3e1 e-flex e-con-boxed e-con e-parent\" data-id=\"697f3e1\" data-element_type=\"container\">\n\t\t\t\t\t<div class=\"e-con-inner\">\n\t\t\t\t<div class=\"elementor-element elementor-element-7617ec7 elementor-widget elementor-widget-spacer\" data-id=\"7617ec7\" data-element_type=\"widget\" data-widget_type=\"spacer.default\">\n\t\t\t\t<div class=\"elementor-widget-container\">\n\t\t\t\t\t\t\t<div class=\"elementor-spacer\">\n\t\t\t<div class=\"elementor-spacer-inner\"><\/div>\n\t\t<\/div>\n\t\t\t\t\t\t<\/div>\n\t\t\t\t<\/div>\n\t\t\t\t\t<\/div>\n\t\t\t\t<\/div>\n\t\t\t\t<\/div>","protected":false},"excerpt":{"rendered":"<p>We help real estate companies provide instant, AI-powered support to home seekers, answering their questions and guiding them to the best listings\u2014all through a simple chatbot integrated into their website. <\/p>","protected":false},"author":1,"featured_media":0,"parent":0,"menu_order":0,"comment_status":"closed","ping_status":"closed","template":"","meta":{"footnotes":""},"class_list":["post-16","page","type-page","status-publish","hentry"],"yoast_head":"<!-- This site is optimized with the Yoast SEO Premium plugin v23.7 (Yoast SEO v23.7) - https:\/\/yoast.com\/wordpress\/plugins\/seo\/ -->\n<title>lugarAI \u2013 AI-Powered Real Estate Assistant for Smarter Property Searches\u200b - lugarAI<\/title>\n<meta name=\"description\" content=\"lugarAI is an AI-powered real estate Assistant that helps home seekers find the perfect property effortlessly. Integrate it with your website to boost engagement, automate customer support, and increase conversions. Try it today!\" \/>\n<meta name=\"robots\" content=\"index, follow, max-snippet:-1, max-image-preview:large, max-video-preview:-1\" \/>\n<link rel=\"canonical\" href=\"https:\/\/www.lugarai.com\/about-us\/\" \/>\n<meta property=\"og:locale\" content=\"es_ES\" \/>\n<meta property=\"og:type\" content=\"article\" \/>\n<meta property=\"og:title\" content=\"lugarAI \u2013 Your AI real estate assistant for Smarter Property Searches\" \/>\n<meta property=\"og:description\" content=\"lugarAI is a AI real estate assistant that helps real estate companies and property developers convert more leads, answer client questions instantly, and showcase properties effortlessly.\" \/>\n<meta property=\"og:url\" content=\"https:\/\/www.lugarai.com\/about-us\/\" \/>\n<meta property=\"og:site_name\" content=\"lugarAI\" \/>\n<meta property=\"article:modified_time\" content=\"2025-03-26T15:13:54+00:00\" \/>\n<meta property=\"og:image\" content=\"https:\/\/www.lugarai.com\/wp-content\/uploads\/2025\/02\/etienne-beauregard-riverin-B0aCvAVSX8E-unsplash-scaled.jpg\" \/>\n\t<meta property=\"og:image:width\" content=\"2560\" \/>\n\t<meta property=\"og:image:height\" content=\"1714\" \/>\n\t<meta property=\"og:image:type\" content=\"image\/jpeg\" \/>\n<meta name=\"twitter:card\" content=\"summary_large_image\" \/>\n<meta name=\"twitter:title\" content=\"lugarAI \u2013 Smart AI real estate assistant | Automated Property Search\" \/>\n<meta name=\"twitter:description\" content=\"lugarAI is a AI real estate assistant that helps real estate companies and property developers convert more leads, answer client questions instantly, and showcase properties effortlessly.\" \/>\n<meta name=\"twitter:image\" content=\"https:\/\/lugarai.com\/wp-content\/uploads\/2025\/02\/chuttersnap-eXtKryPRVC8-unsplash-scaled.jpg\" \/>\n<meta name=\"twitter:label1\" content=\"Tiempo estimado de lectura\" \/>\n\t<meta name=\"twitter:data1\" content=\"3 minutos\" \/>\n<script type=\"application\/ld+json\" class=\"yoast-schema-graph\">{\"@context\":\"https:\/\/schema.org\",\"@graph\":[{\"@type\":\"WebPage\",\"@id\":\"https:\/\/www.lugarai.com\/about-us\/\",\"url\":\"https:\/\/www.lugarai.com\/about-us\/\",\"name\":\"lugarAI \u2013 AI-Powered Real Estate Assistant for Smarter Property Searches\u200b - lugarAI\",\"isPartOf\":{\"@id\":\"https:\/\/www.lugarai.com\/#website\"},\"datePublished\":\"2024-10-23T14:23:38+00:00\",\"dateModified\":\"2025-03-26T15:13:54+00:00\",\"description\":\"lugarAI is an AI-powered real estate Assistant that helps home seekers find the perfect property effortlessly. Integrate it with your website to boost engagement, automate customer support, and increase conversions. Try it today!\",\"breadcrumb\":{\"@id\":\"https:\/\/www.lugarai.com\/about-us\/#breadcrumb\"},\"inLanguage\":\"es-CL\",\"potentialAction\":[{\"@type\":\"ReadAction\",\"target\":[\"https:\/\/www.lugarai.com\/about-us\/\"]}]},{\"@type\":\"BreadcrumbList\",\"@id\":\"https:\/\/www.lugarai.com\/about-us\/#breadcrumb\",\"itemListElement\":[{\"@type\":\"ListItem\",\"position\":1,\"name\":\"Home\",\"item\":\"https:\/\/lugarai.com\/\"},{\"@type\":\"ListItem\",\"position\":2,\"name\":\"About us\"}]},{\"@type\":\"WebSite\",\"@id\":\"https:\/\/www.lugarai.com\/#website\",\"url\":\"https:\/\/www.lugarai.com\/\",\"name\":\"lugarAI\",\"description\":\"LugarAI \u2013 Smart Real Estate Chatbot | Automated Property Search\",\"publisher\":{\"@id\":\"https:\/\/www.lugarai.com\/#organization\"},\"potentialAction\":[{\"@type\":\"SearchAction\",\"target\":{\"@type\":\"EntryPoint\",\"urlTemplate\":\"https:\/\/www.lugarai.com\/?s={search_term_string}\"},\"query-input\":{\"@type\":\"PropertyValueSpecification\",\"valueRequired\":true,\"valueName\":\"search_term_string\"}}],\"inLanguage\":\"es-CL\"},{\"@type\":\"Organization\",\"@id\":\"https:\/\/www.lugarai.com\/#organization\",\"name\":\"lugarAI\",\"url\":\"https:\/\/www.lugarai.com\/\",\"logo\":{\"@type\":\"ImageObject\",\"inLanguage\":\"es-CL\",\"@id\":\"https:\/\/www.lugarai.com\/#\/schema\/logo\/image\/\",\"url\":\"https:\/\/lugarai.com\/wp-content\/uploads\/2025\/02\/lugarlogop.png\",\"contentUrl\":\"https:\/\/lugarai.com\/wp-content\/uploads\/2025\/02\/lugarlogop.png\",\"width\":298,\"height\":80,\"caption\":\"lugarAI\"},\"image\":{\"@id\":\"https:\/\/www.lugarai.com\/#\/schema\/logo\/image\/\"}}]}<\/script>\n<!-- \/ Yoast SEO Premium plugin. -->","yoast_head_json":{"title":"lugarAI \u2013 AI-Powered Real Estate Assistant for Smarter Property Searches\u200b - lugarAI","description":"lugarAI is an AI-powered real estate Assistant that helps home seekers find the perfect property effortlessly. Integrate it with your website to boost engagement, automate customer support, and increase conversions. Try it today!","robots":{"index":"index","follow":"follow","max-snippet":"max-snippet:-1","max-image-preview":"max-image-preview:large","max-video-preview":"max-video-preview:-1"},"canonical":"https:\/\/www.lugarai.com\/about-us\/","og_locale":"es_ES","og_type":"article","og_title":"lugarAI \u2013 Your AI real estate assistant for Smarter Property Searches","og_description":"lugarAI is a AI real estate assistant that helps real estate companies and property developers convert more leads, answer client questions instantly, and showcase properties effortlessly.","og_url":"https:\/\/www.lugarai.com\/about-us\/","og_site_name":"lugarAI","article_modified_time":"2025-03-26T15:13:54+00:00","og_image":[{"width":2560,"height":1714,"url":"https:\/\/www.lugarai.com\/wp-content\/uploads\/2025\/02\/etienne-beauregard-riverin-B0aCvAVSX8E-unsplash-scaled.jpg","type":"image\/jpeg"}],"twitter_card":"summary_large_image","twitter_title":"lugarAI \u2013 Smart AI real estate assistant | Automated Property Search","twitter_description":"lugarAI is a AI real estate assistant that helps real estate companies and property developers convert more leads, answer client questions instantly, and showcase properties effortlessly.","twitter_image":"https:\/\/lugarai.com\/wp-content\/uploads\/2025\/02\/chuttersnap-eXtKryPRVC8-unsplash-scaled.jpg","twitter_misc":{"Tiempo estimado de lectura":"3 minutos"},"schema":{"@context":"https:\/\/schema.org","@graph":[{"@type":"WebPage","@id":"https:\/\/www.lugarai.com\/about-us\/","url":"https:\/\/www.lugarai.com\/about-us\/","name":"lugarAI \u2013 AI-Powered Real Estate Assistant for Smarter Property Searches\u200b - lugarAI","isPartOf":{"@id":"https:\/\/www.lugarai.com\/#website"},"datePublished":"2024-10-23T14:23:38+00:00","dateModified":"2025-03-26T15:13:54+00:00","description":"lugarAI is an AI-powered real estate Assistant that helps home seekers find the perfect property effortlessly. Integrate it with your website to boost engagement, automate customer support, and increase conversions. Try it today!","breadcrumb":{"@id":"https:\/\/www.lugarai.com\/about-us\/#breadcrumb"},"inLanguage":"es-CL","potentialAction":[{"@type":"ReadAction","target":["https:\/\/www.lugarai.com\/about-us\/"]}]},{"@type":"BreadcrumbList","@id":"https:\/\/www.lugarai.com\/about-us\/#breadcrumb","itemListElement":[{"@type":"ListItem","position":1,"name":"Home","item":"https:\/\/lugarai.com\/"},{"@type":"ListItem","position":2,"name":"About us"}]},{"@type":"WebSite","@id":"https:\/\/www.lugarai.com\/#website","url":"https:\/\/www.lugarai.com\/","name":"lugarAI","description":"LugarAI \u2013 Smart Real Estate Chatbot | Automated Property Search","publisher":{"@id":"https:\/\/www.lugarai.com\/#organization"},"potentialAction":[{"@type":"SearchAction","target":{"@type":"EntryPoint","urlTemplate":"https:\/\/www.lugarai.com\/?s={search_term_string}"},"query-input":{"@type":"PropertyValueSpecification","valueRequired":true,"valueName":"search_term_string"}}],"inLanguage":"es-CL"},{"@type":"Organization","@id":"https:\/\/www.lugarai.com\/#organization","name":"lugarAI","url":"https:\/\/www.lugarai.com\/","logo":{"@type":"ImageObject","inLanguage":"es-CL","@id":"https:\/\/www.lugarai.com\/#\/schema\/logo\/image\/","url":"https:\/\/lugarai.com\/wp-content\/uploads\/2025\/02\/lugarlogop.png","contentUrl":"https:\/\/lugarai.com\/wp-content\/uploads\/2025\/02\/lugarlogop.png","width":298,"height":80,"caption":"lugarAI"},"image":{"@id":"https:\/\/www.lugarai.com\/#\/schema\/logo\/image\/"}}]}},"_links":{"self":[{"href":"https:\/\/lugarai.com\/es\/wp-json\/wp\/v2\/pages\/16","targetHints":{"allow":["GET"]}}],"collection":[{"href":"https:\/\/lugarai.com\/es\/wp-json\/wp\/v2\/pages"}],"about":[{"href":"https:\/\/lugarai.com\/es\/wp-json\/wp\/v2\/types\/page"}],"author":[{"embeddable":true,"href":"https:\/\/lugarai.com\/es\/wp-json\/wp\/v2\/users\/1"}],"replies":[{"embeddable":true,"href":"https:\/\/lugarai.com\/es\/wp-json\/wp\/v2\/comments?post=16"}],"version-history":[{"count":80,"href":"https:\/\/lugarai.com\/es\/wp-json\/wp\/v2\/pages\/16\/revisions"}],"predecessor-version":[{"id":3278,"href":"https:\/\/lugarai.com\/es\/wp-json\/wp\/v2\/pages\/16\/revisions\/3278"}],"wp:attachment":[{"href":"https:\/\/lugarai.com\/es\/wp-json\/wp\/v2\/media?parent=16"}],"curies":[{"name":"wp","href":"https:\/\/api.w.org\/{rel}","templated":true}]}}