{"id":2625,"date":"2025-02-23T22:45:12","date_gmt":"2025-02-23T22:45:12","guid":{"rendered":"https:\/\/lugarai.com\/?page_id=2625"},"modified":"2025-03-26T15:14:29","modified_gmt":"2025-03-26T15:14:29","slug":"how-it-works","status":"publish","type":"page","link":"https:\/\/lugarai.com\/es\/how-it-works\/","title":{"rendered":"C\u00f3mo Funciona"},"content":{"rendered":"<div data-elementor-type=\"wp-page\" data-elementor-id=\"2625\" class=\"elementor elementor-2625\" data-elementor-post-type=\"page\">\n\t\t\t\t<div class=\"elementor-element elementor-element-2553451 e-flex e-con-boxed e-con e-parent\" data-id=\"2553451\" data-element_type=\"container\">\n\t\t\t\t\t<div class=\"e-con-inner\">\n\t\t\t\t<div class=\"elementor-element elementor-element-4eddbad elementor-widget elementor-widget-heading\" data-id=\"4eddbad\" data-element_type=\"widget\" data-widget_type=\"heading.default\">\n\t\t\t\t<div class=\"elementor-widget-container\">\n\t\t\t\t\t<h2 class=\"elementor-heading-title elementor-size-default\">C\u00f3mo funciona lugarAI<\/h2>\t\t\t\t<\/div>\n\t\t\t\t<\/div>\n\t\t\t\t<div class=\"elementor-element elementor-element-352028a elementor-widget__width-auto elementor-widget elementor-widget-heading\" data-id=\"352028a\" data-element_type=\"widget\" data-widget_type=\"heading.default\">\n\t\t\t\t<div class=\"elementor-widget-container\">\n\t\t\t\t\t<h2 class=\"elementor-heading-title elementor-size-default\">Integraci\u00f3n inteligente de IA para el mercado inmobiliario<\/h2>\t\t\t\t<\/div>\n\t\t\t\t<\/div>\n\t\t\t\t<div class=\"elementor-element elementor-element-2988a12 elementor-widget__width-initial elementor-widget elementor-widget-text-editor\" data-id=\"2988a12\" data-element_type=\"widget\" data-widget_type=\"text-editor.default\">\n\t\t\t\t<div class=\"elementor-widget-container\">\n\t\t\t\t\t\t\t\t\t<h4>lugarAI es un chatbot avanzado impulsado por IA, dise\u00f1ado para ayudar a las empresas inmobiliarias a conectar f\u00e1cilmente con compradores y arrendatarios potenciales. Nuestra soluci\u00f3n se integra perfectamente en tu sitio web, ofreciendo una forma inteligente e interactiva para que los visitantes encuentren la propiedad ideal seg\u00fan sus necesidades.<\/h4>\t\t\t\t\t\t\t\t<\/div>\n\t\t\t\t<\/div>\n\t\t\t\t<div class=\"elementor-element elementor-element-6e55bf0 elementor-widget__width-initial elementor-widget elementor-widget-text-editor\" data-id=\"6e55bf0\" data-element_type=\"widget\" data-widget_type=\"text-editor.default\">\n\t\t\t\t<div class=\"elementor-widget-container\">\n\t\t\t\t\t\t\t\t\t<h3><strong>Integraci\u00f3n F\u00e1cil<\/strong><\/h3><ol start=\"1\" data-spread=\"false\"><li><strong>Registro y configuraci\u00f3n<\/strong> \u2013 Crea una cuenta en LugarAI y configura tu chatbot en minutos.<\/li><li><strong>Carga de datos<\/strong> Sube tus listados de propiedades mediante un archivo CSV o conecta tu base de datos para actualizaciones en tiempo real.<\/li><li><strong>Instalaci\u00f3n del widget<\/strong> Copia y pega el c\u00f3digo del widget en tu sitio web y LugarAI estar\u00e1 listo para asistir a los visitantes al instante.<\/li><\/ol>\t\t\t\t\t\t\t\t<\/div>\n\t\t\t\t<\/div>\n\t\t\t\t<div class=\"elementor-element elementor-element-8717b8d elementor-widget__width-initial elementor-widget elementor-widget-text-editor\" data-id=\"8717b8d\" data-element_type=\"widget\" data-widget_type=\"text-editor.default\">\n\t\t\t\t<div class=\"elementor-widget-container\">\n\t\t\t\t\t\t\t\t\t<h3><strong style=\"color: inherit; font-family: inherit; font-size: 1.75rem; text-align: var(--text-align);\">B\u00fasqueda de Propiedades Potenciada por IA<\/strong><\/h3><ol start=\"1\" data-spread=\"false\"><li><strong>Conversaci\u00f3n natural<\/strong> Los usuarios describen lo que est\u00e1n buscando, y lugarAI comprende sus necesidades utilizando IA avanzada.<\/li><li><strong>Filtrado inteligente<\/strong> - El chatbot hace hasta tres preguntas adicionales para refinar los resultados de b\u00fasqueda.<\/li><li><strong>Coincidencias personalizadas<\/strong> lugarAI muestra las propiedades m\u00e1s relevantes, incluyendo fotos, descripciones y recorridos virtuales.<\/li><\/ol>\t\t\t\t\t\t\t\t<\/div>\n\t\t\t\t<\/div>\n\t\t\t\t<div class=\"elementor-element elementor-element-5c58995 elementor-widget__width-initial elementor-widget elementor-widget-text-editor\" data-id=\"5c58995\" data-element_type=\"widget\" data-widget_type=\"text-editor.default\">\n\t\t\t\t<div class=\"elementor-widget-container\">\n\t\t\t\t\t\t\t\t\t<h3><strong style=\"color: inherit; font-family: inherit; font-size: 1.75rem; text-align: var(--text-align);\">Compromiso Avanzado del Usuario<\/strong><\/h3><ol start=\"1\" data-spread=\"false\"><li><strong>Informaci\u00f3n del barrio<\/strong> LugarAI proporciona informaci\u00f3n sobre servicios cercanos, escuelas, transporte y estilo de vida.\n\nLet me know if you need any refinements!<\/li><li><strong>Medios interactivos<\/strong> Los usuarios pueden ver im\u00e1genes en alta calidad, \u00e1reas comunes y unidades amobladas.<\/li><li><strong>Captura de clientes potenciales<\/strong> \u2013 Recopila informaci\u00f3n de contacto y preferencias para seguimientos.<\/li><\/ol>\t\t\t\t\t\t\t\t<\/div>\n\t\t\t\t<\/div>\n\t\t\t\t<div class=\"elementor-element elementor-element-2d85db6 elementor-widget__width-initial elementor-widget elementor-widget-text-editor\" data-id=\"2d85db6\" data-element_type=\"widget\" data-widget_type=\"text-editor.default\">\n\t\t\t\t<div class=\"elementor-widget-container\">\n\t\t\t\t\t\t\t\t\t<h3><strong style=\"color: inherit; font-family: inherit; font-size: 1.75rem; text-align: var(--text-align);\">Integraci\u00f3n Perfecta con CRM y Soporte al Cliente<\/strong><\/h3><ol start=\"1\" data-spread=\"false\"><li><strong>Sincronizaci\u00f3n con CRM<\/strong> \u2013 Integra con tu CRM para gestionar el seguimiento de clientes potenciales.<\/li><li><strong>Transferencia a un agente en vivo<\/strong> Cuando sea necesario, LugarAI conecta a los usuarios con un agente inmobiliario para soporte personalizado.<\/li><li><strong>Aprendizaje del usuario y an\u00e1lisis<\/strong> \u2013 Obt\u00e9n informaci\u00f3n sobre preferencias y tendencias para mejorar tus estrategias de marketing.<\/li><\/ol>\t\t\t\t\t\t\t\t<\/div>\n\t\t\t\t<\/div>\n\t\t\t\t<div class=\"elementor-element elementor-element-803b06c elementor-widget__width-initial elementor-widget elementor-widget-text-editor\" data-id=\"803b06c\" data-element_type=\"widget\" data-widget_type=\"text-editor.default\">\n\t\t\t\t<div class=\"elementor-widget-container\">\n\t\t\t\t\t\t\t\t\t<h3><strong style=\"color: inherit; font-family: inherit; font-size: 1.75rem; text-align: var(--text-align);\">Aprendizaje y Optimizaci\u00f3n Continuos<\/strong><\/h3><ol start=\"1\" data-spread=\"false\"><li><strong>Evoluci\u00f3n de la IA<\/strong> LugarAI mejora con el tiempo, aprendiendo de las interacciones de los usuarios.<\/li><li><strong>Automated Content Processing<\/strong> \u2013 El chatbot recopila informaci\u00f3n de sitios web inmobiliarios para mejorar sus respuestas.<\/li><li><strong>Soporte multiling\u00fce<\/strong> \u2013 Engage users in their preferred language for a better experience<\/li><\/ol>\t\t\t\t\t\t\t\t<\/div>\n\t\t\t\t<\/div>\n\t\t\t\t<div class=\"elementor-element elementor-element-ba6ae41 elementor-widget__width-initial elementor-widget elementor-widget-text-editor\" data-id=\"ba6ae41\" data-element_type=\"widget\" data-widget_type=\"text-editor.default\">\n\t\t\t\t<div class=\"elementor-widget-container\">\n\t\t\t\t\t\t\t\t\t<h3><strong>\u00bfPor qu\u00e9 elegir LugarAI?<\/strong><\/h3><p><img decoding=\"async\" class=\"emoji\" role=\"img\" draggable=\"false\" src=\"https:\/\/s.w.org\/images\/core\/emoji\/15.0.3\/svg\/2705.svg\" alt=\"\u2705\" \/> <strong>F\u00e1cil y r\u00e1pido de configurar<\/strong> \u2013 No se requiere experiencia t\u00e9cnica. <br \/><img decoding=\"async\" class=\"emoji\" role=\"img\" draggable=\"false\" src=\"https:\/\/s.w.org\/images\/core\/emoji\/15.0.3\/svg\/2705.svg\" alt=\"\u2705\" \/> <strong>Precisi\u00f3n impulsada por IA<\/strong> \u2013 Encuentra propiedades que realmente se ajustan a las necesidades de los usuarios. <br \/><img decoding=\"async\" class=\"emoji\" role=\"img\" draggable=\"false\" src=\"https:\/\/s.w.org\/images\/core\/emoji\/15.0.3\/svg\/2705.svg\" alt=\"\u2705\" \/> <strong>Mayor interacci\u00f3n<\/strong> \u2013 Brinda una experiencia fluida e interactiva. <br \/><img decoding=\"async\" class=\"emoji\" role=\"img\" draggable=\"false\" src=\"https:\/\/s.w.org\/images\/core\/emoji\/15.0.3\/svg\/2705.svg\" alt=\"\u2705\" \/> <strong>M\u00e1s conversiones<\/strong> \u2013 Captura leads y los conecta eficazmente con agentes. <br \/><img decoding=\"async\" class=\"emoji\" role=\"img\" draggable=\"false\" src=\"https:\/\/s.w.org\/images\/core\/emoji\/15.0.3\/svg\/2705.svg\" alt=\"\u2705\" \/> <strong>Soluci\u00f3n escalable<\/strong> \u2013 Funciona tanto para peque\u00f1as empresas como para grandes inmobiliarias.<\/p>\t\t\t\t\t\t\t\t<\/div>\n\t\t\t\t<\/div>\n\t\t<div class=\"elementor-element elementor-element-d613a69 e-flex e-con-boxed e-con e-child\" data-id=\"d613a69\" data-element_type=\"container\">\n\t\t\t\t\t<div class=\"e-con-inner\">\n\t\t\t\t<div class=\"elementor-element elementor-element-862de75 elementor-widget__width-initial elementor-widget elementor-widget-text-editor\" data-id=\"862de75\" data-element_type=\"widget\" data-widget_type=\"text-editor.default\">\n\t\t\t\t<div class=\"elementor-widget-container\">\n\t\t\t\t\t\t\t\t\t<h3><strong>\u00a1Transforma tu sitio web inmobiliario con lugarAI hoy y revoluciona la forma en que los clientes encuentran la propiedad de sus sue\u00f1os!<\/strong><\/h3>\t\t\t\t\t\t\t\t<\/div>\n\t\t\t\t<\/div>\n\t\t\t\t<div class=\"elementor-element elementor-element-37f361e elementor-align-center elementor-widget elementor-widget-button\" data-id=\"37f361e\" data-element_type=\"widget\" data-widget_type=\"button.default\">\n\t\t\t\t<div class=\"elementor-widget-container\">\n\t\t\t\t\t\t\t\t\t<div class=\"elementor-button-wrapper\">\n\t\t\t\t\t<a class=\"elementor-button elementor-button-link elementor-size-sm\" href=\"https:\/\/lugarai.com\/es\/join-the-waitlist\/\">\n\t\t\t\t\t\t<span class=\"elementor-button-content-wrapper\">\n\t\t\t\t\t\t\t\t\t<span class=\"elementor-button-text\">\u00daNETE A LA LISTA DE ESPERA<\/span>\n\t\t\t\t\t<\/span>\n\t\t\t\t\t<\/a>\n\t\t\t\t<\/div>\n\t\t\t\t\t\t\t\t<\/div>\n\t\t\t\t<\/div>\n\t\t\t\t\t<\/div>\n\t\t\t\t<\/div>\n\t\t\t\t<div class=\"elementor-element elementor-element-1806e02 elementor-widget elementor-widget-spacer\" data-id=\"1806e02\" data-element_type=\"widget\" data-widget_type=\"spacer.default\">\n\t\t\t\t<div class=\"elementor-widget-container\">\n\t\t\t\t\t\t\t<div class=\"elementor-spacer\">\n\t\t\t<div class=\"elementor-spacer-inner\"><\/div>\n\t\t<\/div>\n\t\t\t\t\t\t<\/div>\n\t\t\t\t<\/div>\n\t\t\t\t\t<\/div>\n\t\t\t\t<\/div>\n\t\t\t\t<\/div>","protected":false},"excerpt":{"rendered":"<p>Nuestra soluci\u00f3n se integra perfectamente en su sitio web, proporcionando una forma inteligente e interactiva para que los visitantes encuentren la propiedad perfecta seg\u00fan sus necesidades.<\/p>","protected":false},"author":1,"featured_media":0,"parent":0,"menu_order":0,"comment_status":"closed","ping_status":"closed","template":"","meta":{"footnotes":""},"class_list":["post-2625","page","type-page","status-publish","hentry"],"yoast_head":"<!-- This site is optimized with the Yoast SEO Premium plugin v23.7 (Yoast SEO v23.7) - https:\/\/yoast.com\/wordpress\/plugins\/seo\/ -->\n<title>How it Works - lugarAI<\/title>\n<meta name=\"description\" content=\"lugarAI is a Smart AI Real Estate Assistant designed to assist real estate companies in engaging potential buyers and renters with ease. Our solution integrates seamlessly into your website\" \/>\n<meta name=\"robots\" content=\"index, follow, max-snippet:-1, max-image-preview:large, max-video-preview:-1\" \/>\n<link rel=\"canonical\" href=\"https:\/\/lugarai.com\/es\/how-it-works\/\" \/>\n<meta property=\"og:locale\" content=\"es_ES\" \/>\n<meta property=\"og:type\" content=\"article\" \/>\n<meta property=\"og:title\" content=\"lugarAI \u2013 Smart AI Real Estate Assistant- How it WorksHow it Works\" \/>\n<meta property=\"og:description\" content=\"lugarAI is an is a Smart AI Real Estate Assistant designed to assist real estate companies in engaging potential buyers and renters with ease. Our solution integrates seamlessly into your website\" \/>\n<meta property=\"og:url\" content=\"https:\/\/lugarai.com\/es\/how-it-works\/\" \/>\n<meta property=\"og:site_name\" content=\"lugarAI\" \/>\n<meta property=\"article:modified_time\" content=\"2025-03-26T15:14:29+00:00\" \/>\n<meta property=\"og:image\" content=\"https:\/\/lugarai.com\/wp-content\/uploads\/2025\/02\/Lugar-1-e1740583729140.png\" \/>\n\t<meta property=\"og:image:width\" content=\"937\" \/>\n\t<meta property=\"og:image:height\" content=\"660\" \/>\n\t<meta property=\"og:image:type\" content=\"image\/png\" \/>\n<meta name=\"twitter:card\" content=\"summary_large_image\" \/>\n<meta name=\"twitter:title\" content=\"lugarAI \u2013 How it Works- Smart Real Estate Ai Assistant | Automated Property Search How it Works\" \/>\n<meta name=\"twitter:description\" content=\"lugarAI is an is a Smart AI Real Estate Assistant designed to assist real estate companies in engaging potential buyers and renters with ease. Our solution integrates seamlessly into your website\" \/>\n<meta name=\"twitter:label1\" content=\"Tiempo estimado de lectura\" \/>\n\t<meta name=\"twitter:data1\" content=\"3 minutos\" \/>\n<script type=\"application\/ld+json\" class=\"yoast-schema-graph\">{\"@context\":\"https:\/\/schema.org\",\"@graph\":[{\"@type\":\"WebPage\",\"@id\":\"https:\/\/lugarai.com\/how-it-works\/\",\"url\":\"https:\/\/lugarai.com\/how-it-works\/\",\"name\":\"How it Works - lugarAI\",\"isPartOf\":{\"@id\":\"https:\/\/www.lugarai.com\/#website\"},\"primaryImageOfPage\":{\"@id\":\"https:\/\/lugarai.com\/how-it-works\/#primaryimage\"},\"image\":{\"@id\":\"https:\/\/lugarai.com\/how-it-works\/#primaryimage\"},\"thumbnailUrl\":\"https:\/\/s.w.org\/images\/core\/emoji\/15.0.3\/svg\/2705.svg\",\"datePublished\":\"2025-02-23T22:45:12+00:00\",\"dateModified\":\"2025-03-26T15:14:29+00:00\",\"description\":\"lugarAI is a Smart AI Real Estate Assistant designed to assist real estate companies in engaging potential buyers and renters with ease. Our solution integrates seamlessly into your website\",\"breadcrumb\":{\"@id\":\"https:\/\/lugarai.com\/how-it-works\/#breadcrumb\"},\"inLanguage\":\"es-CL\",\"potentialAction\":[{\"@type\":\"ReadAction\",\"target\":[\"https:\/\/lugarai.com\/how-it-works\/\"]}]},{\"@type\":\"ImageObject\",\"inLanguage\":\"es-CL\",\"@id\":\"https:\/\/lugarai.com\/how-it-works\/#primaryimage\",\"url\":\"https:\/\/s.w.org\/images\/core\/emoji\/15.0.3\/svg\/2705.svg\",\"contentUrl\":\"https:\/\/s.w.org\/images\/core\/emoji\/15.0.3\/svg\/2705.svg\"},{\"@type\":\"BreadcrumbList\",\"@id\":\"https:\/\/lugarai.com\/how-it-works\/#breadcrumb\",\"itemListElement\":[{\"@type\":\"ListItem\",\"position\":1,\"name\":\"Home\",\"item\":\"https:\/\/lugarai.com\/\"},{\"@type\":\"ListItem\",\"position\":2,\"name\":\"How it Works\"}]},{\"@type\":\"WebSite\",\"@id\":\"https:\/\/www.lugarai.com\/#website\",\"url\":\"https:\/\/www.lugarai.com\/\",\"name\":\"lugarAI\",\"description\":\"LugarAI \u2013 Smart Real Estate Chatbot | Automated Property Search\",\"publisher\":{\"@id\":\"https:\/\/www.lugarai.com\/#organization\"},\"potentialAction\":[{\"@type\":\"SearchAction\",\"target\":{\"@type\":\"EntryPoint\",\"urlTemplate\":\"https:\/\/www.lugarai.com\/?s={search_term_string}\"},\"query-input\":{\"@type\":\"PropertyValueSpecification\",\"valueRequired\":true,\"valueName\":\"search_term_string\"}}],\"inLanguage\":\"es-CL\"},{\"@type\":\"Organization\",\"@id\":\"https:\/\/www.lugarai.com\/#organization\",\"name\":\"lugarAI\",\"url\":\"https:\/\/www.lugarai.com\/\",\"logo\":{\"@type\":\"ImageObject\",\"inLanguage\":\"es-CL\",\"@id\":\"https:\/\/www.lugarai.com\/#\/schema\/logo\/image\/\",\"url\":\"https:\/\/lugarai.com\/wp-content\/uploads\/2025\/02\/lugarlogop.png\",\"contentUrl\":\"https:\/\/lugarai.com\/wp-content\/uploads\/2025\/02\/lugarlogop.png\",\"width\":298,\"height\":80,\"caption\":\"lugarAI\"},\"image\":{\"@id\":\"https:\/\/www.lugarai.com\/#\/schema\/logo\/image\/\"}}]}<\/script>\n<!-- \/ Yoast SEO Premium plugin. -->","yoast_head_json":{"title":"How it Works - lugarAI","description":"lugarAI is a Smart AI Real Estate Assistant designed to assist real estate companies in engaging potential buyers and renters with ease. Our solution integrates seamlessly into your website","robots":{"index":"index","follow":"follow","max-snippet":"max-snippet:-1","max-image-preview":"max-image-preview:large","max-video-preview":"max-video-preview:-1"},"canonical":"https:\/\/lugarai.com\/es\/how-it-works\/","og_locale":"es_ES","og_type":"article","og_title":"lugarAI \u2013 Smart AI Real Estate Assistant- How it WorksHow it Works","og_description":"lugarAI is an is a Smart AI Real Estate Assistant designed to assist real estate companies in engaging potential buyers and renters with ease. Our solution integrates seamlessly into your website","og_url":"https:\/\/lugarai.com\/es\/how-it-works\/","og_site_name":"lugarAI","article_modified_time":"2025-03-26T15:14:29+00:00","og_image":[{"width":937,"height":660,"url":"https:\/\/lugarai.com\/wp-content\/uploads\/2025\/02\/Lugar-1-e1740583729140.png","type":"image\/png"}],"twitter_card":"summary_large_image","twitter_title":"lugarAI \u2013 How it Works- Smart Real Estate Ai Assistant | Automated Property Search How it Works","twitter_description":"lugarAI is an is a Smart AI Real Estate Assistant designed to assist real estate companies in engaging potential buyers and renters with ease. Our solution integrates seamlessly into your website","twitter_misc":{"Tiempo estimado de lectura":"3 minutos"},"schema":{"@context":"https:\/\/schema.org","@graph":[{"@type":"WebPage","@id":"https:\/\/lugarai.com\/how-it-works\/","url":"https:\/\/lugarai.com\/how-it-works\/","name":"How it Works - lugarAI","isPartOf":{"@id":"https:\/\/www.lugarai.com\/#website"},"primaryImageOfPage":{"@id":"https:\/\/lugarai.com\/how-it-works\/#primaryimage"},"image":{"@id":"https:\/\/lugarai.com\/how-it-works\/#primaryimage"},"thumbnailUrl":"https:\/\/s.w.org\/images\/core\/emoji\/15.0.3\/svg\/2705.svg","datePublished":"2025-02-23T22:45:12+00:00","dateModified":"2025-03-26T15:14:29+00:00","description":"lugarAI is a Smart AI Real Estate Assistant designed to assist real estate companies in engaging potential buyers and renters with ease. Our solution integrates seamlessly into your website","breadcrumb":{"@id":"https:\/\/lugarai.com\/how-it-works\/#breadcrumb"},"inLanguage":"es-CL","potentialAction":[{"@type":"ReadAction","target":["https:\/\/lugarai.com\/how-it-works\/"]}]},{"@type":"ImageObject","inLanguage":"es-CL","@id":"https:\/\/lugarai.com\/how-it-works\/#primaryimage","url":"https:\/\/s.w.org\/images\/core\/emoji\/15.0.3\/svg\/2705.svg","contentUrl":"https:\/\/s.w.org\/images\/core\/emoji\/15.0.3\/svg\/2705.svg"},{"@type":"BreadcrumbList","@id":"https:\/\/lugarai.com\/how-it-works\/#breadcrumb","itemListElement":[{"@type":"ListItem","position":1,"name":"Home","item":"https:\/\/lugarai.com\/"},{"@type":"ListItem","position":2,"name":"How it Works"}]},{"@type":"WebSite","@id":"https:\/\/www.lugarai.com\/#website","url":"https:\/\/www.lugarai.com\/","name":"lugarAI","description":"LugarAI \u2013 Smart Real Estate Chatbot | Automated Property Search","publisher":{"@id":"https:\/\/www.lugarai.com\/#organization"},"potentialAction":[{"@type":"SearchAction","target":{"@type":"EntryPoint","urlTemplate":"https:\/\/www.lugarai.com\/?s={search_term_string}"},"query-input":{"@type":"PropertyValueSpecification","valueRequired":true,"valueName":"search_term_string"}}],"inLanguage":"es-CL"},{"@type":"Organization","@id":"https:\/\/www.lugarai.com\/#organization","name":"lugarAI","url":"https:\/\/www.lugarai.com\/","logo":{"@type":"ImageObject","inLanguage":"es-CL","@id":"https:\/\/www.lugarai.com\/#\/schema\/logo\/image\/","url":"https:\/\/lugarai.com\/wp-content\/uploads\/2025\/02\/lugarlogop.png","contentUrl":"https:\/\/lugarai.com\/wp-content\/uploads\/2025\/02\/lugarlogop.png","width":298,"height":80,"caption":"lugarAI"},"image":{"@id":"https:\/\/www.lugarai.com\/#\/schema\/logo\/image\/"}}]}},"_links":{"self":[{"href":"https:\/\/lugarai.com\/es\/wp-json\/wp\/v2\/pages\/2625","targetHints":{"allow":["GET"]}}],"collection":[{"href":"https:\/\/lugarai.com\/es\/wp-json\/wp\/v2\/pages"}],"about":[{"href":"https:\/\/lugarai.com\/es\/wp-json\/wp\/v2\/types\/page"}],"author":[{"embeddable":true,"href":"https:\/\/lugarai.com\/es\/wp-json\/wp\/v2\/users\/1"}],"replies":[{"embeddable":true,"href":"https:\/\/lugarai.com\/es\/wp-json\/wp\/v2\/comments?post=2625"}],"version-history":[{"count":95,"href":"https:\/\/lugarai.com\/es\/wp-json\/wp\/v2\/pages\/2625\/revisions"}],"predecessor-version":[{"id":3281,"href":"https:\/\/lugarai.com\/es\/wp-json\/wp\/v2\/pages\/2625\/revisions\/3281"}],"wp:attachment":[{"href":"https:\/\/lugarai.com\/es\/wp-json\/wp\/v2\/media?parent=2625"}],"curies":[{"name":"wp","href":"https:\/\/api.w.org\/{rel}","templated":true}]}}