{"id":13,"date":"2024-10-23T14:22:36","date_gmt":"2024-10-23T14:22:36","guid":{"rendered":"https:\/?page_id=13"},"modified":"2026-03-05T20:06:24","modified_gmt":"2026-03-05T20:06:24","slug":"home","status":"publish","type":"page","link":"https:\/\/lugarai.com\/pt","title":{"rendered":"home"},"content":{"rendered":"<div data-elementor-type=\"wp-page\" data-elementor-id=\"13\" class=\"elementor elementor-13\" data-elementor-post-type=\"page\">\n\t\t\t\t<div class=\"elementor-element elementor-element-undefined-2cb909c e-con-full random-bg e-flex elementor-invisible e-con e-parent\" data-id=\"undefined-2cb909c\" data-element_type=\"container\" data-settings=\"{&quot;background_background&quot;:&quot;classic&quot;,&quot;animation&quot;:&quot;fadeIn&quot;,&quot;background_motion_fx_motion_fx_scrolling&quot;:&quot;yes&quot;,&quot;background_motion_fx_translateY_effect&quot;:&quot;yes&quot;,&quot;background_motion_fx_translateY_speed&quot;:{&quot;unit&quot;:&quot;px&quot;,&quot;size&quot;:4,&quot;sizes&quot;:[]},&quot;background_motion_fx_translateY_affectedRange&quot;:{&quot;unit&quot;:&quot;%&quot;,&quot;size&quot;:&quot;&quot;,&quot;sizes&quot;:{&quot;start&quot;:0,&quot;end&quot;:100}},&quot;background_motion_fx_devices&quot;:[&quot;desktop&quot;,&quot;tablet&quot;,&quot;mobile&quot;]}\">\n\t\t<div class=\"elementor-element elementor-element-undefined-09cc86f e-con-full e-flex e-con e-child\" data-id=\"undefined-09cc86f\" data-element_type=\"container\">\n\t\t\t\t<div class=\"elementor-element elementor-element-8868b91 elementor-widget elementor-widget-spacer\" data-id=\"8868b91\" data-element_type=\"widget\" data-widget_type=\"spacer.default\">\n\t\t\t\t<div class=\"elementor-widget-container\">\n\t\t\t\t\t\t\t<div class=\"elementor-spacer\">\n\t\t\t<div class=\"elementor-spacer-inner\"><\/div>\n\t\t<\/div>\n\t\t\t\t\t\t<\/div>\n\t\t\t\t<\/div>\n\t\t\t\t<div class=\"elementor-element elementor-element-4c92c99 elementor-widget elementor-widget-heading\" data-id=\"4c92c99\" data-element_type=\"widget\" data-widget_type=\"heading.default\">\n\t\t\t\t<div class=\"elementor-widget-container\">\n\t\t\t\t\t<h1 class=\"elementor-heading-title elementor-size-default\">Conecte <span style=\"color: #f3f558\">clientes<\/span> ao im\u00f3vel dos seus sonhos com\n<span style=\"color: #4A90E2\">intelig\u00eancia e automa\u00e7\u00e3o.<\/span><\/h1>\t\t\t\t<\/div>\n\t\t\t\t<\/div>\n\t\t\t\t<div class=\"elementor-element elementor-element-99b831b elementor-widget elementor-widget-heading\" data-id=\"99b831b\" data-element_type=\"widget\" data-widget_type=\"heading.default\">\n\t\t\t\t<div class=\"elementor-widget-container\">\n\t\t\t\t\t<h2 class=\"elementor-heading-title elementor-size-default\">Converta mais, atenda melhor.<\/h2>\t\t\t\t<\/div>\n\t\t\t\t<\/div>\n\t\t\t\t<div class=\"elementor-element elementor-element-undefined-92e2349 elementor-widget__width-initial elementor-widget-mobile__width-inherit elementor-widget elementor-widget-text-editor\" data-id=\"undefined-92e2349\" data-element_type=\"widget\" data-widget_type=\"text-editor.default\">\n\t\t\t\t<div class=\"elementor-widget-container\">\n\t\t\t\t\t\t\t\t\t<p>Converta visitantes em clientes com um chatbot inteligente que entende prefer\u00eancias, responde perguntas e recomenda os im\u00f3veis ideais \u2013 tudo de forma automatizada e perfeitamente integrado ao seu site.<\/p>\t\t\t\t\t\t\t\t<\/div>\n\t\t\t\t<\/div>\n\t\t\t\t<div class=\"elementor-element elementor-element-705592b elementor-align-center elementor-widget elementor-widget-button\" data-id=\"705592b\" data-element_type=\"widget\" data-widget_type=\"button.default\">\n\t\t\t\t<div class=\"elementor-widget-container\">\n\t\t\t\t\t\t\t\t\t<div class=\"elementor-button-wrapper\">\n\t\t\t\t\t<a class=\"elementor-button elementor-button-link elementor-size-sm\" href=\"https:\/\/lugarai.com\/pt\/how-it-works\/\">\n\t\t\t\t\t\t<span class=\"elementor-button-content-wrapper\">\n\t\t\t\t\t\t\t\t\t<span class=\"elementor-button-text\">COMO FUNCIONA<\/span>\n\t\t\t\t\t<\/span>\n\t\t\t\t\t<\/a>\n\t\t\t\t<\/div>\n\t\t\t\t\t\t\t\t<\/div>\n\t\t\t\t<\/div>\n\t\t\t\t<\/div>\n\t\t\t\t<\/div>\n\t\t<div class=\"elementor-element elementor-element-1d1474c e-con-full e-flex elementor-invisible e-con e-parent\" data-id=\"1d1474c\" data-element_type=\"container\" data-settings=\"{&quot;background_background&quot;:&quot;classic&quot;,&quot;animation&quot;:&quot;fadeIn&quot;}\">\n\t\t<div class=\"elementor-element elementor-element-2467c04 e-con-full e-flex e-con e-child\" data-id=\"2467c04\" data-element_type=\"container\">\n\t\t\t\t<div class=\"elementor-element elementor-element-7a17228 elementor-widget elementor-widget-spacer\" data-id=\"7a17228\" data-element_type=\"widget\" data-widget_type=\"spacer.default\">\n\t\t\t\t<div class=\"elementor-widget-container\">\n\t\t\t\t\t\t\t<div class=\"elementor-spacer\">\n\t\t\t<div class=\"elementor-spacer-inner\"><\/div>\n\t\t<\/div>\n\t\t\t\t\t\t<\/div>\n\t\t\t\t<\/div>\n\t\t\t\t<div class=\"elementor-element elementor-element-d82f310 elementor-widget elementor-widget-heading\" data-id=\"d82f310\" data-element_type=\"widget\" data-widget_type=\"heading.default\">\n\t\t\t\t<div class=\"elementor-widget-container\">\n\t\t\t\t\t<h1 class=\"elementor-heading-title elementor-size-default\">Seja o  <span style=\"color: #f3f558\">primeiro<\/span> a experimentar o futuro da \n<span style=\"color: #4A90E2\">IA para o mercado imobili\u00e1rio!<\/span><\/h1>\t\t\t\t<\/div>\n\t\t\t\t<\/div>\n\t\t\t\t<div class=\"elementor-element elementor-element-c21abac elementor-widget__width-initial elementor-widget-mobile__width-inherit elementor-widget elementor-widget-text-editor\" data-id=\"c21abac\" data-element_type=\"widget\" data-widget_type=\"text-editor.default\">\n\t\t\t\t<div class=\"elementor-widget-container\">\n\t\t\t\t\t\t\t\t\t<p><a class=\"linkhero\" href=\"https:\/\/lugarai.com\/pt\/join-the-waitlist\/\">Join the waitlist<\/a> to get exclusive early access to lugarAI, the AI-powered assistant that transforms how real estate businesses engage with clients.<\/p>\t\t\t\t\t\t\t\t<\/div>\n\t\t\t\t<\/div>\n\t\t\t\t<div class=\"elementor-element elementor-element-130a4b0 elementor-align-center elementor-widget elementor-widget-button\" data-id=\"130a4b0\" data-element_type=\"widget\" data-widget_type=\"button.default\">\n\t\t\t\t<div class=\"elementor-widget-container\">\n\t\t\t\t\t\t\t\t\t<div class=\"elementor-button-wrapper\">\n\t\t\t\t\t<a class=\"elementor-button elementor-button-link elementor-size-sm\" href=\"https:\/\/lugarai.com\/pt\/join-the-waitlist\/\">\n\t\t\t\t\t\t<span class=\"elementor-button-content-wrapper\">\n\t\t\t\t\t\t\t\t\t<span class=\"elementor-button-text\">ENTRE NA LISTA DE ESPERA<\/span>\n\t\t\t\t\t<\/span>\n\t\t\t\t\t<\/a>\n\t\t\t\t<\/div>\n\t\t\t\t\t\t\t\t<\/div>\n\t\t\t\t<\/div>\n\t\t\t\t<\/div>\n\t\t\t\t<\/div>\n\t\t<div class=\"elementor-element elementor-element-d8018b3 e-con-full e-flex elementor-invisible e-con e-parent\" data-id=\"d8018b3\" data-element_type=\"container\" data-settings=\"{&quot;background_background&quot;:&quot;classic&quot;,&quot;animation&quot;:&quot;fadeIn&quot;}\">\n\t\t<div class=\"elementor-element elementor-element-e45dcee e-con-full e-flex e-con e-child\" data-id=\"e45dcee\" data-element_type=\"container\">\n\t\t\t\t<div class=\"elementor-element elementor-element-fdb1758 elementor-widget elementor-widget-spacer\" data-id=\"fdb1758\" data-element_type=\"widget\" data-widget_type=\"spacer.default\">\n\t\t\t\t<div class=\"elementor-widget-container\">\n\t\t\t\t\t\t\t<div class=\"elementor-spacer\">\n\t\t\t<div class=\"elementor-spacer-inner\"><\/div>\n\t\t<\/div>\n\t\t\t\t\t\t<\/div>\n\t\t\t\t<\/div>\n\t\t\t\t<div class=\"elementor-element elementor-element-b66faf5 elementor-widget elementor-widget-heading\" data-id=\"b66faf5\" data-element_type=\"widget\" data-widget_type=\"heading.default\">\n\t\t\t\t<div class=\"elementor-widget-container\">\n\t\t\t\t\t<h4 class=\"elementor-heading-title elementor-size-default\">Artigos sobre inova\u00e7\u00e3o: <font color=\"#4a90e2\">O Futuro do Mercado Imobili\u00e1rio Inteligente <\/font><\/h4>\t\t\t\t<\/div>\n\t\t\t\t<\/div>\n\t\t\t\t<div class=\"elementor-element elementor-element-c7b7430 elementor-grid-2 elementor-grid-tablet-2 elementor-grid-mobile-1 elementor-posts--thumbnail-top elementor-widget elementor-widget-posts\" data-id=\"c7b7430\" data-element_type=\"widget\" data-settings=\"{&quot;classic_columns&quot;:&quot;2&quot;,&quot;classic_columns_tablet&quot;:&quot;2&quot;,&quot;classic_columns_mobile&quot;:&quot;1&quot;,&quot;classic_row_gap&quot;:{&quot;unit&quot;:&quot;px&quot;,&quot;size&quot;:35,&quot;sizes&quot;:[]},&quot;classic_row_gap_tablet&quot;:{&quot;unit&quot;:&quot;px&quot;,&quot;size&quot;:&quot;&quot;,&quot;sizes&quot;:[]},&quot;classic_row_gap_mobile&quot;:{&quot;unit&quot;:&quot;px&quot;,&quot;size&quot;:&quot;&quot;,&quot;sizes&quot;:[]}}\" data-widget_type=\"posts.classic\">\n\t\t\t\t<div class=\"elementor-widget-container\">\n\t\t\t\t\t\t\t<div class=\"elementor-posts-container elementor-posts elementor-posts--skin-classic elementor-grid\">\n\t\t\t\t<article class=\"elementor-post elementor-grid-item post-3126 post type-post status-publish format-standard has-post-thumbnail hentry category-uncategorized\">\n\t\t\t\t<a class=\"elementor-post__thumbnail__link\" href=\"https:\/\/lugarai.com\/pt\/the-next-era-of-real-estate-intelligence\/\" tabindex=\"-1\" >\n\t\t\t<div class=\"elementor-post__thumbnail\"><img fetchpriority=\"high\" decoding=\"async\" width=\"300\" height=\"300\" src=\"https:\/\/lugarai.com\/wp-content\/uploads\/2025\/03\/DALL\u00b7E-2025-03-17-18.07.16-An-abstract-conceptual-illustration-representing-the-evolution-of-real-estate-intelligence.-The-image-features-flowing-lines-symbolizing-data-streams-300x300.webp\" class=\"attachment-medium size-medium wp-image-3145\" alt=\"\" srcset=\"https:\/\/lugarai.com\/wp-content\/uploads\/2025\/03\/DALL\u00b7E-2025-03-17-18.07.16-An-abstract-conceptual-illustration-representing-the-evolution-of-real-estate-intelligence.-The-image-features-flowing-lines-symbolizing-data-streams-300x300.webp 300w, https:\/\/lugarai.com\/wp-content\/uploads\/2025\/03\/DALL\u00b7E-2025-03-17-18.07.16-An-abstract-conceptual-illustration-representing-the-evolution-of-real-estate-intelligence.-The-image-features-flowing-lines-symbolizing-data-streams-150x150.webp 150w, https:\/\/lugarai.com\/wp-content\/uploads\/2025\/03\/DALL\u00b7E-2025-03-17-18.07.16-An-abstract-conceptual-illustration-representing-the-evolution-of-real-estate-intelligence.-The-image-features-flowing-lines-symbolizing-data-streams-768x768.webp 768w, https:\/\/lugarai.com\/wp-content\/uploads\/2025\/03\/DALL\u00b7E-2025-03-17-18.07.16-An-abstract-conceptual-illustration-representing-the-evolution-of-real-estate-intelligence.-The-image-features-flowing-lines-symbolizing-data-streams-12x12.webp 12w, https:\/\/lugarai.com\/wp-content\/uploads\/2025\/03\/DALL\u00b7E-2025-03-17-18.07.16-An-abstract-conceptual-illustration-representing-the-evolution-of-real-estate-intelligence.-The-image-features-flowing-lines-symbolizing-data-streams.webp 1024w\" sizes=\"(max-width: 300px) 100vw, 300px\" \/><\/div>\n\t\t<\/a>\n\t\t\t\t<div class=\"elementor-post__text\">\n\t\t\t\t<h3 class=\"elementor-post__title\">\n\t\t\t<a href=\"https:\/\/lugarai.com\/pt\/the-next-era-of-real-estate-intelligence\/\" >\n\t\t\t\tA Pr\u00f3xima Era da Intelig\u00eancia Imobili\u00e1ria\t\t\t<\/a>\n\t\t<\/h3>\n\t\t\n\t\t<a class=\"elementor-post__read-more\" href=\"https:\/\/lugarai.com\/pt\/the-next-era-of-real-estate-intelligence\/\" aria-label=\"Leia mais sobre The Next Era of Real Estate Intelligence\" tabindex=\"-1\" >\n\t\t\tLeia mais\t\t<\/a>\n\n\t\t\t\t<\/div>\n\t\t\t\t<\/article>\n\t\t\t\t<article class=\"elementor-post elementor-grid-item post-2985 post type-post status-publish format-standard has-post-thumbnail hentry category-uncategorized tag-ai tag-ai-real-estate-agent tag-asset-management tag-big-data tag-property-development tag-real-estate-ai\">\n\t\t\t\t<a class=\"elementor-post__thumbnail__link\" href=\"https:\/\/lugarai.com\/pt\/inteligencia-artificial-big-data-e-inovacao-no-mercado-imobiliario-o-futuro-do-property-development-e-asset-management\/\" tabindex=\"-1\" >\n\t\t\t<div class=\"elementor-post__thumbnail\"><img decoding=\"async\" width=\"300\" height=\"171\" src=\"https:\/\/lugarai.com\/wp-content\/uploads\/2025\/03\/DALL\u00b7E-2025-03-13-11.33.52-A-futuristic-city-skyline-with-advanced-AI-driven-real-estate-development.-The-image-features-skyscrapers-with-holographic-data-overlays-digital-inte-300x171.webp\" class=\"attachment-medium size-medium wp-image-2991\" alt=\"\" srcset=\"https:\/\/lugarai.com\/wp-content\/uploads\/2025\/03\/DALL\u00b7E-2025-03-13-11.33.52-A-futuristic-city-skyline-with-advanced-AI-driven-real-estate-development.-The-image-features-skyscrapers-with-holographic-data-overlays-digital-inte-300x171.webp 300w, https:\/\/lugarai.com\/wp-content\/uploads\/2025\/03\/DALL\u00b7E-2025-03-13-11.33.52-A-futuristic-city-skyline-with-advanced-AI-driven-real-estate-development.-The-image-features-skyscrapers-with-holographic-data-overlays-digital-inte-1024x585.webp 1024w, https:\/\/lugarai.com\/wp-content\/uploads\/2025\/03\/DALL\u00b7E-2025-03-13-11.33.52-A-futuristic-city-skyline-with-advanced-AI-driven-real-estate-development.-The-image-features-skyscrapers-with-holographic-data-overlays-digital-inte-768x439.webp 768w, https:\/\/lugarai.com\/wp-content\/uploads\/2025\/03\/DALL\u00b7E-2025-03-13-11.33.52-A-futuristic-city-skyline-with-advanced-AI-driven-real-estate-development.-The-image-features-skyscrapers-with-holographic-data-overlays-digital-inte-1536x878.webp 1536w, https:\/\/lugarai.com\/wp-content\/uploads\/2025\/03\/DALL\u00b7E-2025-03-13-11.33.52-A-futuristic-city-skyline-with-advanced-AI-driven-real-estate-development.-The-image-features-skyscrapers-with-holographic-data-overlays-digital-inte-18x10.webp 18w, https:\/\/lugarai.com\/wp-content\/uploads\/2025\/03\/DALL\u00b7E-2025-03-13-11.33.52-A-futuristic-city-skyline-with-advanced-AI-driven-real-estate-development.-The-image-features-skyscrapers-with-holographic-data-overlays-digital-inte.webp 1792w\" sizes=\"(max-width: 300px) 100vw, 300px\" \/><\/div>\n\t\t<\/a>\n\t\t\t\t<div class=\"elementor-post__text\">\n\t\t\t\t<h3 class=\"elementor-post__title\">\n\t\t\t<a href=\"https:\/\/lugarai.com\/pt\/inteligencia-artificial-big-data-e-inovacao-no-mercado-imobiliario-o-futuro-do-property-development-e-asset-management\/\" >\n\t\t\t\tIntelig\u00eancia Artificial, Big Data e Inova\u00e7\u00e3o no Mercado Imobili\u00e1rio: O Futuro da Constru\u00e7\u00e3o e Gest\u00e3o de Ativos Imobili\u00e1rios\t\t\t<\/a>\n\t\t<\/h3>\n\t\t\n\t\t<a class=\"elementor-post__read-more\" href=\"https:\/\/lugarai.com\/pt\/inteligencia-artificial-big-data-e-inovacao-no-mercado-imobiliario-o-futuro-do-property-development-e-asset-management\/\" aria-label=\"Leia mais sobre Artificial Intelligence, Big Data, and Innovation in the Real Estate Market: The Future of Property Development and Asset Management\" tabindex=\"-1\" >\n\t\t\tLeia mais\t\t<\/a>\n\n\t\t\t\t<\/div>\n\t\t\t\t<\/article>\n\t\t\t\t<\/div>\n\t\t\n\t\t\t\t\t\t<\/div>\n\t\t\t\t<\/div>\n\t\t\t\t<div class=\"elementor-element elementor-element-6d7b0d9 elementor-widget elementor-widget-spacer\" data-id=\"6d7b0d9\" data-element_type=\"widget\" data-widget_type=\"spacer.default\">\n\t\t\t\t<div class=\"elementor-widget-container\">\n\t\t\t\t\t\t\t<div class=\"elementor-spacer\">\n\t\t\t<div class=\"elementor-spacer-inner\"><\/div>\n\t\t<\/div>\n\t\t\t\t\t\t<\/div>\n\t\t\t\t<\/div>\n\t\t\t\t<\/div>\n\t\t\t\t<\/div>\n\t\t<div class=\"elementor-element elementor-element-5408baf e-flex e-con-boxed e-con e-parent\" data-id=\"5408baf\" data-element_type=\"container\">\n\t\t\t\t\t<div class=\"e-con-inner\">\n\t\t\t\t<div class=\"elementor-element elementor-element-52f3798 elementor-widget elementor-widget-spacer\" data-id=\"52f3798\" data-element_type=\"widget\" data-widget_type=\"spacer.default\">\n\t\t\t\t<div class=\"elementor-widget-container\">\n\t\t\t\t\t\t\t<div class=\"elementor-spacer\">\n\t\t\t<div class=\"elementor-spacer-inner\"><\/div>\n\t\t<\/div>\n\t\t\t\t\t\t<\/div>\n\t\t\t\t<\/div>\n\t\t\t\t\t<\/div>\n\t\t\t\t<\/div>\n\t\t\t\t<\/div>","protected":false},"excerpt":{"rendered":"<p>lugarAI \u00e9 um chatbot inteligente para empresas imobili\u00e1rias, que automatiza consultas e ajuda os clientes a encontrar seu im\u00f3vel ideal de forma r\u00e1pida e eficiente.<\/p>","protected":false},"author":1,"featured_media":0,"parent":0,"menu_order":0,"comment_status":"closed","ping_status":"closed","template":"","meta":{"footnotes":""},"class_list":["post-13","page","type-page","status-publish","hentry"],"yoast_head":"<!-- This site is optimized with the Yoast SEO Premium plugin v23.7 (Yoast SEO v23.7) - https:\/\/yoast.com\/wordpress\/plugins\/seo\/ -->\n<title>lugarAI \u2013 Operational AI Platform for Leads, Customer Support, Sales Performance, and Real Estate Intelligence\u2014for agencies, developers, and construction companies.<\/title>\n<meta name=\"description\" content=\"lugarAI is an AI platform for real estate companies that automates customer inquiries, captures and qualifies leads, and matches buyers or renters to the right listings\u2014faster, with consistent answers and actionable insights for your sales team.\" \/>\n<meta name=\"robots\" content=\"index, follow, max-snippet:-1, max-image-preview:large, max-video-preview:-1\" \/>\n<link rel=\"canonical\" href=\"https:\/\/lugarai.com\/pt\" \/>\n<meta property=\"og:locale\" content=\"pt_BR\" \/>\n<meta property=\"og:type\" content=\"article\" \/>\n<meta property=\"og:title\" content=\"lugarAI \u2013 Operational AI Platform for Leads, Customer Support, Sales Performance, and Real Estate Intelligence\u2014for agencies, developers, and construction companies.\" \/>\n<meta property=\"og:description\" content=\"lugarAI is an AI platform for real estate companies that automates customer inquiries, captures and qualifies leads, and matches buyers or renters to the right listings\u2014faster, with consistent answers and actionable insights for your sales team.\" \/>\n<meta property=\"og:url\" content=\"https:\/\/lugarai.com\/pt\" \/>\n<meta property=\"og:site_name\" content=\"lugarAI\" \/>\n<meta property=\"article:modified_time\" content=\"2026-03-05T20:06:24+00:00\" \/>\n<meta property=\"og:image\" content=\"https:\/\/lugarai.com\/wp-content\/uploads\/2025\/02\/tom-rumble-7lvzopTxjOU-unsplash-scaled.jpg\" \/>\n\t<meta property=\"og:image:width\" content=\"2560\" \/>\n\t<meta property=\"og:image:height\" content=\"1440\" \/>\n\t<meta property=\"og:image:type\" content=\"image\/jpeg\" \/>\n<meta name=\"twitter:card\" content=\"summary_large_image\" \/>\n<meta name=\"twitter:title\" content=\"lugarAI \u2013 Operational AI Platform for Leads, Customer Support, Sales Performance, and Real Estate Intelligence\u2014for agencies, developers, and construction companies.\" \/>\n<meta name=\"twitter:description\" content=\"lugarAI is an AI platform for real estate companies that automates customer inquiries, captures and qualifies leads, and matches buyers or renters to the right listings\u2014faster, with consistent answers and actionable insights for your sales team.\" \/>\n<meta name=\"twitter:label1\" content=\"Est. tempo de leitura\" \/>\n\t<meta name=\"twitter:data1\" content=\"1 minuto\" \/>\n<script type=\"application\/ld+json\" class=\"yoast-schema-graph\">{\"@context\":\"https:\/\/schema.org\",\"@graph\":[{\"@type\":\"WebPage\",\"@id\":\"https:\/\/lugarai.com\/\",\"url\":\"https:\/\/lugarai.com\/\",\"name\":\"lugarAI \u2013 Operational AI Platform for Leads, Customer Support, Sales Performance, and Real Estate Intelligence\u2014for agencies, developers, and construction companies.\",\"isPartOf\":{\"@id\":\"https:\/\/www.lugarai.com\/#website\"},\"datePublished\":\"2024-10-23T14:22:36+00:00\",\"dateModified\":\"2026-03-05T20:06:24+00:00\",\"description\":\"lugarAI is an AI platform for real estate companies that automates customer inquiries, captures and qualifies leads, and matches buyers or renters to the right listings\u2014faster, with consistent answers and actionable insights for your sales team.\",\"breadcrumb\":{\"@id\":\"https:\/\/lugarai.com\/#breadcrumb\"},\"inLanguage\":\"pt-BR\",\"potentialAction\":[{\"@type\":\"ReadAction\",\"target\":[\"https:\/\/lugarai.com\/\"]}]},{\"@type\":\"BreadcrumbList\",\"@id\":\"https:\/\/lugarai.com\/#breadcrumb\",\"itemListElement\":[{\"@type\":\"ListItem\",\"position\":1,\"name\":\"Home\",\"item\":\"https:\/\/lugarai.com\/\"},{\"@type\":\"ListItem\",\"position\":2,\"name\":\"home\"}]},{\"@type\":\"WebSite\",\"@id\":\"https:\/\/www.lugarai.com\/#website\",\"url\":\"https:\/\/www.lugarai.com\/\",\"name\":\"lugarAI\",\"description\":\"LugarAI \u2013 Smart Real Estate Chatbot | Automated Property Search\",\"publisher\":{\"@id\":\"https:\/\/www.lugarai.com\/#organization\"},\"potentialAction\":[{\"@type\":\"SearchAction\",\"target\":{\"@type\":\"EntryPoint\",\"urlTemplate\":\"https:\/\/www.lugarai.com\/?s={search_term_string}\"},\"query-input\":{\"@type\":\"PropertyValueSpecification\",\"valueRequired\":true,\"valueName\":\"search_term_string\"}}],\"inLanguage\":\"pt-BR\"},{\"@type\":\"Organization\",\"@id\":\"https:\/\/www.lugarai.com\/#organization\",\"name\":\"lugarAI\",\"url\":\"https:\/\/www.lugarai.com\/\",\"logo\":{\"@type\":\"ImageObject\",\"inLanguage\":\"pt-BR\",\"@id\":\"https:\/\/www.lugarai.com\/#\/schema\/logo\/image\/\",\"url\":\"https:\/\/lugarai.com\/wp-content\/uploads\/2025\/02\/lugarlogop.png\",\"contentUrl\":\"https:\/\/lugarai.com\/wp-content\/uploads\/2025\/02\/lugarlogop.png\",\"width\":298,\"height\":80,\"caption\":\"lugarAI\"},\"image\":{\"@id\":\"https:\/\/www.lugarai.com\/#\/schema\/logo\/image\/\"}}]}<\/script>\n<!-- \/ Yoast SEO Premium plugin. -->","yoast_head_json":{"title":"lugarAI \u2013 Operational AI Platform for Leads, Customer Support, Sales Performance, and Real Estate Intelligence\u2014for agencies, developers, and construction companies.","description":"lugarAI is an AI platform for real estate companies that automates customer inquiries, captures and qualifies leads, and matches buyers or renters to the right listings\u2014faster, with consistent answers and actionable insights for your sales team.","robots":{"index":"index","follow":"follow","max-snippet":"max-snippet:-1","max-image-preview":"max-image-preview:large","max-video-preview":"max-video-preview:-1"},"canonical":"https:\/\/lugarai.com\/pt","og_locale":"pt_BR","og_type":"article","og_title":"lugarAI \u2013 Operational AI Platform for Leads, Customer Support, Sales Performance, and Real Estate Intelligence\u2014for agencies, developers, and construction companies.","og_description":"lugarAI is an AI platform for real estate companies that automates customer inquiries, captures and qualifies leads, and matches buyers or renters to the right listings\u2014faster, with consistent answers and actionable insights for your sales team.","og_url":"https:\/\/lugarai.com\/pt","og_site_name":"lugarAI","article_modified_time":"2026-03-05T20:06:24+00:00","og_image":[{"width":2560,"height":1440,"url":"https:\/\/lugarai.com\/wp-content\/uploads\/2025\/02\/tom-rumble-7lvzopTxjOU-unsplash-scaled.jpg","type":"image\/jpeg"}],"twitter_card":"summary_large_image","twitter_title":"lugarAI \u2013 Operational AI Platform for Leads, Customer Support, Sales Performance, and Real Estate Intelligence\u2014for agencies, developers, and construction companies.","twitter_description":"lugarAI is an AI platform for real estate companies that automates customer inquiries, captures and qualifies leads, and matches buyers or renters to the right listings\u2014faster, with consistent answers and actionable insights for your sales team.","twitter_misc":{"Est. tempo de leitura":"1 minuto"},"schema":{"@context":"https:\/\/schema.org","@graph":[{"@type":"WebPage","@id":"https:\/\/lugarai.com\/","url":"https:\/\/lugarai.com\/","name":"lugarAI \u2013 Operational AI Platform for Leads, Customer Support, Sales Performance, and Real Estate Intelligence\u2014for agencies, developers, and construction companies.","isPartOf":{"@id":"https:\/\/www.lugarai.com\/#website"},"datePublished":"2024-10-23T14:22:36+00:00","dateModified":"2026-03-05T20:06:24+00:00","description":"lugarAI is an AI platform for real estate companies that automates customer inquiries, captures and qualifies leads, and matches buyers or renters to the right listings\u2014faster, with consistent answers and actionable insights for your sales team.","breadcrumb":{"@id":"https:\/\/lugarai.com\/#breadcrumb"},"inLanguage":"pt-BR","potentialAction":[{"@type":"ReadAction","target":["https:\/\/lugarai.com\/"]}]},{"@type":"BreadcrumbList","@id":"https:\/\/lugarai.com\/#breadcrumb","itemListElement":[{"@type":"ListItem","position":1,"name":"Home","item":"https:\/\/lugarai.com\/"},{"@type":"ListItem","position":2,"name":"home"}]},{"@type":"WebSite","@id":"https:\/\/www.lugarai.com\/#website","url":"https:\/\/www.lugarai.com\/","name":"lugarAI","description":"LugarAI \u2013 Smart Real Estate Chatbot | Automated Property Search","publisher":{"@id":"https:\/\/www.lugarai.com\/#organization"},"potentialAction":[{"@type":"SearchAction","target":{"@type":"EntryPoint","urlTemplate":"https:\/\/www.lugarai.com\/?s={search_term_string}"},"query-input":{"@type":"PropertyValueSpecification","valueRequired":true,"valueName":"search_term_string"}}],"inLanguage":"pt-BR"},{"@type":"Organization","@id":"https:\/\/www.lugarai.com\/#organization","name":"lugarAI","url":"https:\/\/www.lugarai.com\/","logo":{"@type":"ImageObject","inLanguage":"pt-BR","@id":"https:\/\/www.lugarai.com\/#\/schema\/logo\/image\/","url":"https:\/\/lugarai.com\/wp-content\/uploads\/2025\/02\/lugarlogop.png","contentUrl":"https:\/\/lugarai.com\/wp-content\/uploads\/2025\/02\/lugarlogop.png","width":298,"height":80,"caption":"lugarAI"},"image":{"@id":"https:\/\/www.lugarai.com\/#\/schema\/logo\/image\/"}}]}},"_links":{"self":[{"href":"https:\/\/lugarai.com\/pt\/wp-json\/wp\/v2\/pages\/13","targetHints":{"allow":["GET"]}}],"collection":[{"href":"https:\/\/lugarai.com\/pt\/wp-json\/wp\/v2\/pages"}],"about":[{"href":"https:\/\/lugarai.com\/pt\/wp-json\/wp\/v2\/types\/page"}],"author":[{"embeddable":true,"href":"https:\/\/lugarai.com\/pt\/wp-json\/wp\/v2\/users\/1"}],"replies":[{"embeddable":true,"href":"https:\/\/lugarai.com\/pt\/wp-json\/wp\/v2\/comments?post=13"}],"version-history":[{"count":721,"href":"https:\/\/lugarai.com\/pt\/wp-json\/wp\/v2\/pages\/13\/revisions"}],"predecessor-version":[{"id":3292,"href":"https:\/\/lugarai.com\/pt\/wp-json\/wp\/v2\/pages\/13\/revisions\/3292"}],"wp:attachment":[{"href":"https:\/\/lugarai.com\/pt\/wp-json\/wp\/v2\/media?parent=13"}],"curies":[{"name":"wp","href":"https:\/\/api.w.org\/{rel}","templated":true}]}}