{"id":16,"date":"2024-10-23T14:23:38","date_gmt":"2024-10-23T14:23:38","guid":{"rendered":"https:\/?page_id=16"},"modified":"2025-03-26T15:13:54","modified_gmt":"2025-03-26T15:13:54","slug":"about-us","status":"publish","type":"page","link":"https:\/\/lugarai.com\/pt\/about-us\/","title":{"rendered":"Sobre N\u00f3s"},"content":{"rendered":"<div data-elementor-type=\"wp-page\" data-elementor-id=\"16\" class=\"elementor elementor-16\" data-elementor-post-type=\"page\">\n\t\t\t\t\t\t<section class=\"elementor-section elementor-top-section elementor-element elementor-element-da24666 elementor-section-stretched animated-slow elementor-section-boxed elementor-section-height-default elementor-section-height-default elementor-invisible\" data-id=\"da24666\" data-element_type=\"section\" data-settings=\"{&quot;background_background&quot;:&quot;classic&quot;,&quot;stretch_section&quot;:&quot;section-stretched&quot;,&quot;animation&quot;:&quot;fadeIn&quot;}\">\n\t\t\t\t\t\t\t<div class=\"elementor-background-overlay\"><\/div>\n\t\t\t\t\t\t\t<div class=\"elementor-container elementor-column-gap-default\">\n\t\t\t\t\t<div class=\"elementor-column elementor-col-100 elementor-top-column elementor-element elementor-element-38418ac\" data-id=\"38418ac\" data-element_type=\"column\">\n\t\t\t<div class=\"elementor-widget-wrap elementor-element-populated\">\n\t\t\t\t\t\t<div class=\"elementor-element elementor-element-906180e elementor-widget elementor-widget-heading\" data-id=\"906180e\" data-element_type=\"widget\" data-widget_type=\"heading.default\">\n\t\t\t\t<div class=\"elementor-widget-container\">\n\t\t\t\t\t<h2 class=\"elementor-heading-title elementor-size-default\">Sobre N\u00f3s<\/h2>\t\t\t\t<\/div>\n\t\t\t\t<\/div>\n\t\t\t\t<div class=\"elementor-element elementor-element-d070725 elementor-widget elementor-widget-heading\" data-id=\"d070725\" data-element_type=\"widget\" data-widget_type=\"heading.default\">\n\t\t\t\t<div class=\"elementor-widget-container\">\n\t\t\t\t\t<div class=\"elementor-heading-title elementor-size-default\">Ajudamos quem busca um lar a encontrar o im\u00f3vel perfeito com a efici\u00eancia da IA.<\/div>\t\t\t\t<\/div>\n\t\t\t\t<\/div>\n\t\t\t\t<div class=\"elementor-element elementor-element-6651b99 elementor-widget__width-initial elementor-widget elementor-widget-text-editor\" data-id=\"6651b99\" data-element_type=\"widget\" data-widget_type=\"text-editor.default\">\n\t\t\t\t<div class=\"elementor-widget-container\">\n\t\t\t\t\t\t\t\t\t<p>Bem-vindo ao <strong>lugarAI<\/strong>, o assistente inteligente para o mercado imobili\u00e1rio que torna a busca pelo im\u00f3vel ideal mais f\u00e1cil do que nunca.<\/p><p>Ajudamos empresas imobili\u00e1rias a oferecer <strong>aten\u00e7\u00e3o instant\u00e2nea e automatizada com intelig\u00eancia artificial,<\/strong> guiando os usu\u00e1rios para os melhores im\u00f3veis<strong>tudo por meio de um chatbot<\/strong> integrado ao site. Com <strong>lugarAI<\/strong>, os usu\u00e1rios recebem recomenda\u00e7\u00f5es personalizadas, informa\u00e7\u00f5es em tempo real e uma experi\u00eancia intuitiva, enquanto as empresas otimizam o atendimento e aumentam a convers\u00e3o de leads.<\/p><p>Nosso assistente com IA foi projetado para entender <strong>consultas em linguagem natural<\/strong>, o que significa que compradores e locat\u00e1rios podem descrever o que procuram com suas pr\u00f3prias palavras. O lugarAI refina a busca fazendo perguntas-chave, garantindo que os usu\u00e1rios recebam as op\u00e7\u00f5es mais relevantes. Ele tamb\u00e9m pode fornecer informa\u00e7\u00f5es sobre a vizinhan\u00e7a, comodidades e at\u00e9 compartilhar visitas virtuais, tornando a experi\u00eancia imobili\u00e1ria mais envolvente e eficiente.<\/p><p>Para empresas imobili\u00e1rias <strong>lugarAI \u00e9 f\u00e1cil de integrar.<\/strong> e n\u00e3o exige conhecimentos t\u00e9cnicos. Seja por meio de uploads de arquivos CSV ou conex\u00f5es diretas com bancos de dados, nossa plataforma se adapta a diferentes necessidades de neg\u00f3cios, tornando a automa\u00e7\u00e3o acess\u00edvel para imobili\u00e1rias de todos os tamanhos. Tamb\u00e9m oferecemos suporte multil\u00edngue e integra\u00e7\u00e3o com CRM, garantindo que as empresas possam capturar leads e gerenciar o relacionamento com clientes de forma eficiente.<\/p><p>Nosso objetivo \u00e9 simples <strong>Tornar a busca por im\u00f3veis mais inteligente, r\u00e1pida e eficiente para todos.<\/strong>.<\/p><h3>Conhe\u00e7a a equipe por tr\u00e1s da lugarAI<\/h3><p>A lugarAI foi criada por uma equipe apaixonada de <strong>engenheiros, designers, especialistas em intelig\u00eancia artificial e experts do mercado imobili\u00e1rio<\/strong> que compartilham a vis\u00e3o de transformar o setor por meio da tecnologia. A intelig\u00eancia artificial est\u00e1 no centro de tudo o que fazemos \u2013 impulsiona nosso chatbot inteligente, molda a experi\u00eancia do usu\u00e1rio e otimiza a forma como os im\u00f3veis s\u00e3o descobertos e combinados.<\/p><p>Nossos engenheiros s\u00e3o especializados em intelig\u00eancia artificial de ponta, garantindo um sistema cont\u00ednuo e responsivo que aprende e se adapta ao longo do tempo. Nossos designers criam interfaces intuitivas e envolventes, aproveitando a IA para aprimorar as intera\u00e7\u00f5es dos usu\u00e1rios. Enquanto isso, nossos especialistas em im\u00f3veis trazem um profundo conhecimento de mercado para refinar e otimizar a plataforma, assegurando que ela atenda \u00e0s necessidades em constante evolu\u00e7\u00e3o de compradores e empresas do setor imobili\u00e1rio.<\/p><p>Na lugarAI, n\u00e3o apenas usamos intelig\u00eancia artificial \u2013 n\u00f3s a projetamos. Ela est\u00e1 integrada em nosso processo, desde a an\u00e1lise de dados at\u00e9 a automa\u00e7\u00e3o inteligente, tornando a busca por im\u00f3veis mais intuitiva, personalizada e eficiente.<\/p><p><a href=\"https:\/\/lugarai.com\/pt\/how-it-works\/\">\ud83d\udd27 <strong>COMO FUNCIONA<\/strong> Descubra como a lugarAI transforma a intera\u00e7\u00e3o no mercado imobili\u00e1rio.<\/a><\/p><p><a href=\"https:\/\/lugarai.com\/pt\/join-the-waitlist\/\">\ud83d\udce9 <strong>ENTRE NA LISTA DE ESPERA<\/strong> Quer ver isso em a\u00e7\u00e3o? Inscreva-se agora!<\/a><\/p>\t\t\t\t\t\t\t\t<\/div>\n\t\t\t\t<\/div>\n\t\t\t\t<div class=\"elementor-element elementor-element-e653fa5 elementor-widget elementor-widget-image\" data-id=\"e653fa5\" data-element_type=\"widget\" data-widget_type=\"image.default\">\n\t\t\t\t<div class=\"elementor-widget-container\">\n\t\t\t\t\t\t\t\t\t\t\t\t\t\t\t<img decoding=\"async\" src=\"\/\/\/wp-content\/uploads\/2024\/10\/office1.jpg\" title=\"\" alt=\"\" loading=\"lazy\" \/>\t\t\t\t\t\t\t\t\t\t\t\t\t\t\t<\/div>\n\t\t\t\t<\/div>\n\t\t\t\t\t<\/div>\n\t\t<\/div>\n\t\t\t\t\t<\/div>\n\t\t<\/section>\n\t\t<div class=\"elementor-element elementor-element-697f3e1 e-flex e-con-boxed e-con e-parent\" data-id=\"697f3e1\" data-element_type=\"container\">\n\t\t\t\t\t<div class=\"e-con-inner\">\n\t\t\t\t<div class=\"elementor-element elementor-element-7617ec7 elementor-widget elementor-widget-spacer\" data-id=\"7617ec7\" data-element_type=\"widget\" data-widget_type=\"spacer.default\">\n\t\t\t\t<div class=\"elementor-widget-container\">\n\t\t\t\t\t\t\t<div class=\"elementor-spacer\">\n\t\t\t<div class=\"elementor-spacer-inner\"><\/div>\n\t\t<\/div>\n\t\t\t\t\t\t<\/div>\n\t\t\t\t<\/div>\n\t\t\t\t\t<\/div>\n\t\t\t\t<\/div>\n\t\t\t\t<\/div>","protected":false},"excerpt":{"rendered":"<p>We help real estate companies provide instant, AI-powered support to home seekers, answering their questions and guiding them to the best listings\u2014all through a simple chatbot integrated into their website. <\/p>","protected":false},"author":1,"featured_media":0,"parent":0,"menu_order":0,"comment_status":"closed","ping_status":"closed","template":"","meta":{"footnotes":""},"class_list":["post-16","page","type-page","status-publish","hentry"],"yoast_head":"<!-- This site is optimized with the Yoast SEO Premium plugin v23.7 (Yoast SEO v23.7) - https:\/\/yoast.com\/wordpress\/plugins\/seo\/ -->\n<title>lugarAI \u2013 AI-Powered Real Estate Assistant for Smarter Property Searches\u200b - lugarAI<\/title>\n<meta name=\"description\" content=\"lugarAI is an AI-powered real estate Assistant that helps home seekers find the perfect property effortlessly. Integrate it with your website to boost engagement, automate customer support, and increase conversions. Try it today!\" \/>\n<meta name=\"robots\" content=\"index, follow, max-snippet:-1, max-image-preview:large, max-video-preview:-1\" \/>\n<link rel=\"canonical\" href=\"https:\/\/www.lugarai.com\/about-us\/\" \/>\n<meta property=\"og:locale\" content=\"pt_BR\" \/>\n<meta property=\"og:type\" content=\"article\" \/>\n<meta property=\"og:title\" content=\"lugarAI \u2013 Your AI real estate assistant for Smarter Property Searches\" \/>\n<meta property=\"og:description\" content=\"lugarAI is a AI real estate assistant that helps real estate companies and property developers convert more leads, answer client questions instantly, and showcase properties effortlessly.\" \/>\n<meta property=\"og:url\" content=\"https:\/\/www.lugarai.com\/about-us\/\" \/>\n<meta property=\"og:site_name\" content=\"lugarAI\" \/>\n<meta property=\"article:modified_time\" content=\"2025-03-26T15:13:54+00:00\" \/>\n<meta property=\"og:image\" content=\"https:\/\/www.lugarai.com\/wp-content\/uploads\/2025\/02\/etienne-beauregard-riverin-B0aCvAVSX8E-unsplash-scaled.jpg\" \/>\n\t<meta property=\"og:image:width\" content=\"2560\" \/>\n\t<meta property=\"og:image:height\" content=\"1714\" \/>\n\t<meta property=\"og:image:type\" content=\"image\/jpeg\" \/>\n<meta name=\"twitter:card\" content=\"summary_large_image\" \/>\n<meta name=\"twitter:title\" content=\"lugarAI \u2013 Smart AI real estate assistant | Automated Property Search\" \/>\n<meta name=\"twitter:description\" content=\"lugarAI is a AI real estate assistant that helps real estate companies and property developers convert more leads, answer client questions instantly, and showcase properties effortlessly.\" \/>\n<meta name=\"twitter:image\" content=\"https:\/\/lugarai.com\/wp-content\/uploads\/2025\/02\/chuttersnap-eXtKryPRVC8-unsplash-scaled.jpg\" \/>\n<meta name=\"twitter:label1\" content=\"Est. tempo de leitura\" \/>\n\t<meta name=\"twitter:data1\" content=\"3 minutos\" \/>\n<script type=\"application\/ld+json\" class=\"yoast-schema-graph\">{\"@context\":\"https:\/\/schema.org\",\"@graph\":[{\"@type\":\"WebPage\",\"@id\":\"https:\/\/www.lugarai.com\/about-us\/\",\"url\":\"https:\/\/www.lugarai.com\/about-us\/\",\"name\":\"lugarAI \u2013 AI-Powered Real Estate Assistant for Smarter Property Searches\u200b - lugarAI\",\"isPartOf\":{\"@id\":\"https:\/\/www.lugarai.com\/#website\"},\"datePublished\":\"2024-10-23T14:23:38+00:00\",\"dateModified\":\"2025-03-26T15:13:54+00:00\",\"description\":\"lugarAI is an AI-powered real estate Assistant that helps home seekers find the perfect property effortlessly. Integrate it with your website to boost engagement, automate customer support, and increase conversions. Try it today!\",\"breadcrumb\":{\"@id\":\"https:\/\/www.lugarai.com\/about-us\/#breadcrumb\"},\"inLanguage\":\"pt-BR\",\"potentialAction\":[{\"@type\":\"ReadAction\",\"target\":[\"https:\/\/www.lugarai.com\/about-us\/\"]}]},{\"@type\":\"BreadcrumbList\",\"@id\":\"https:\/\/www.lugarai.com\/about-us\/#breadcrumb\",\"itemListElement\":[{\"@type\":\"ListItem\",\"position\":1,\"name\":\"Home\",\"item\":\"https:\/\/lugarai.com\/\"},{\"@type\":\"ListItem\",\"position\":2,\"name\":\"About us\"}]},{\"@type\":\"WebSite\",\"@id\":\"https:\/\/www.lugarai.com\/#website\",\"url\":\"https:\/\/www.lugarai.com\/\",\"name\":\"lugarAI\",\"description\":\"LugarAI \u2013 Smart Real Estate Chatbot | Automated Property Search\",\"publisher\":{\"@id\":\"https:\/\/www.lugarai.com\/#organization\"},\"potentialAction\":[{\"@type\":\"SearchAction\",\"target\":{\"@type\":\"EntryPoint\",\"urlTemplate\":\"https:\/\/www.lugarai.com\/?s={search_term_string}\"},\"query-input\":{\"@type\":\"PropertyValueSpecification\",\"valueRequired\":true,\"valueName\":\"search_term_string\"}}],\"inLanguage\":\"pt-BR\"},{\"@type\":\"Organization\",\"@id\":\"https:\/\/www.lugarai.com\/#organization\",\"name\":\"lugarAI\",\"url\":\"https:\/\/www.lugarai.com\/\",\"logo\":{\"@type\":\"ImageObject\",\"inLanguage\":\"pt-BR\",\"@id\":\"https:\/\/www.lugarai.com\/#\/schema\/logo\/image\/\",\"url\":\"https:\/\/lugarai.com\/wp-content\/uploads\/2025\/02\/lugarlogop.png\",\"contentUrl\":\"https:\/\/lugarai.com\/wp-content\/uploads\/2025\/02\/lugarlogop.png\",\"width\":298,\"height\":80,\"caption\":\"lugarAI\"},\"image\":{\"@id\":\"https:\/\/www.lugarai.com\/#\/schema\/logo\/image\/\"}}]}<\/script>\n<!-- \/ Yoast SEO Premium plugin. -->","yoast_head_json":{"title":"lugarAI \u2013 AI-Powered Real Estate Assistant for Smarter Property Searches\u200b - lugarAI","description":"lugarAI is an AI-powered real estate Assistant that helps home seekers find the perfect property effortlessly. Integrate it with your website to boost engagement, automate customer support, and increase conversions. Try it today!","robots":{"index":"index","follow":"follow","max-snippet":"max-snippet:-1","max-image-preview":"max-image-preview:large","max-video-preview":"max-video-preview:-1"},"canonical":"https:\/\/www.lugarai.com\/about-us\/","og_locale":"pt_BR","og_type":"article","og_title":"lugarAI \u2013 Your AI real estate assistant for Smarter Property Searches","og_description":"lugarAI is a AI real estate assistant that helps real estate companies and property developers convert more leads, answer client questions instantly, and showcase properties effortlessly.","og_url":"https:\/\/www.lugarai.com\/about-us\/","og_site_name":"lugarAI","article_modified_time":"2025-03-26T15:13:54+00:00","og_image":[{"width":2560,"height":1714,"url":"https:\/\/www.lugarai.com\/wp-content\/uploads\/2025\/02\/etienne-beauregard-riverin-B0aCvAVSX8E-unsplash-scaled.jpg","type":"image\/jpeg"}],"twitter_card":"summary_large_image","twitter_title":"lugarAI \u2013 Smart AI real estate assistant | Automated Property Search","twitter_description":"lugarAI is a AI real estate assistant that helps real estate companies and property developers convert more leads, answer client questions instantly, and showcase properties effortlessly.","twitter_image":"https:\/\/lugarai.com\/wp-content\/uploads\/2025\/02\/chuttersnap-eXtKryPRVC8-unsplash-scaled.jpg","twitter_misc":{"Est. tempo de leitura":"3 minutos"},"schema":{"@context":"https:\/\/schema.org","@graph":[{"@type":"WebPage","@id":"https:\/\/www.lugarai.com\/about-us\/","url":"https:\/\/www.lugarai.com\/about-us\/","name":"lugarAI \u2013 AI-Powered Real Estate Assistant for Smarter Property Searches\u200b - lugarAI","isPartOf":{"@id":"https:\/\/www.lugarai.com\/#website"},"datePublished":"2024-10-23T14:23:38+00:00","dateModified":"2025-03-26T15:13:54+00:00","description":"lugarAI is an AI-powered real estate Assistant that helps home seekers find the perfect property effortlessly. Integrate it with your website to boost engagement, automate customer support, and increase conversions. Try it today!","breadcrumb":{"@id":"https:\/\/www.lugarai.com\/about-us\/#breadcrumb"},"inLanguage":"pt-BR","potentialAction":[{"@type":"ReadAction","target":["https:\/\/www.lugarai.com\/about-us\/"]}]},{"@type":"BreadcrumbList","@id":"https:\/\/www.lugarai.com\/about-us\/#breadcrumb","itemListElement":[{"@type":"ListItem","position":1,"name":"Home","item":"https:\/\/lugarai.com\/"},{"@type":"ListItem","position":2,"name":"About us"}]},{"@type":"WebSite","@id":"https:\/\/www.lugarai.com\/#website","url":"https:\/\/www.lugarai.com\/","name":"lugarAI","description":"LugarAI \u2013 Smart Real Estate Chatbot | Automated Property Search","publisher":{"@id":"https:\/\/www.lugarai.com\/#organization"},"potentialAction":[{"@type":"SearchAction","target":{"@type":"EntryPoint","urlTemplate":"https:\/\/www.lugarai.com\/?s={search_term_string}"},"query-input":{"@type":"PropertyValueSpecification","valueRequired":true,"valueName":"search_term_string"}}],"inLanguage":"pt-BR"},{"@type":"Organization","@id":"https:\/\/www.lugarai.com\/#organization","name":"lugarAI","url":"https:\/\/www.lugarai.com\/","logo":{"@type":"ImageObject","inLanguage":"pt-BR","@id":"https:\/\/www.lugarai.com\/#\/schema\/logo\/image\/","url":"https:\/\/lugarai.com\/wp-content\/uploads\/2025\/02\/lugarlogop.png","contentUrl":"https:\/\/lugarai.com\/wp-content\/uploads\/2025\/02\/lugarlogop.png","width":298,"height":80,"caption":"lugarAI"},"image":{"@id":"https:\/\/www.lugarai.com\/#\/schema\/logo\/image\/"}}]}},"_links":{"self":[{"href":"https:\/\/lugarai.com\/pt\/wp-json\/wp\/v2\/pages\/16","targetHints":{"allow":["GET"]}}],"collection":[{"href":"https:\/\/lugarai.com\/pt\/wp-json\/wp\/v2\/pages"}],"about":[{"href":"https:\/\/lugarai.com\/pt\/wp-json\/wp\/v2\/types\/page"}],"author":[{"embeddable":true,"href":"https:\/\/lugarai.com\/pt\/wp-json\/wp\/v2\/users\/1"}],"replies":[{"embeddable":true,"href":"https:\/\/lugarai.com\/pt\/wp-json\/wp\/v2\/comments?post=16"}],"version-history":[{"count":80,"href":"https:\/\/lugarai.com\/pt\/wp-json\/wp\/v2\/pages\/16\/revisions"}],"predecessor-version":[{"id":3278,"href":"https:\/\/lugarai.com\/pt\/wp-json\/wp\/v2\/pages\/16\/revisions\/3278"}],"wp:attachment":[{"href":"https:\/\/lugarai.com\/pt\/wp-json\/wp\/v2\/media?parent=16"}],"curies":[{"name":"wp","href":"https:\/\/api.w.org\/{rel}","templated":true}]}}