{"id":2625,"date":"2025-02-23T22:45:12","date_gmt":"2025-02-23T22:45:12","guid":{"rendered":"https:\/\/lugarai.com\/?page_id=2625"},"modified":"2025-03-26T15:14:29","modified_gmt":"2025-03-26T15:14:29","slug":"how-it-works","status":"publish","type":"page","link":"https:\/\/lugarai.com\/pt\/how-it-works\/","title":{"rendered":"Como Funciona"},"content":{"rendered":"<div data-elementor-type=\"wp-page\" data-elementor-id=\"2625\" class=\"elementor elementor-2625\" data-elementor-post-type=\"page\">\n\t\t\t\t<div class=\"elementor-element elementor-element-2553451 e-flex e-con-boxed e-con e-parent\" data-id=\"2553451\" data-element_type=\"container\">\n\t\t\t\t\t<div class=\"e-con-inner\">\n\t\t\t\t<div class=\"elementor-element elementor-element-4eddbad elementor-widget elementor-widget-heading\" data-id=\"4eddbad\" data-element_type=\"widget\" data-widget_type=\"heading.default\">\n\t\t\t\t<div class=\"elementor-widget-container\">\n\t\t\t\t\t<h2 class=\"elementor-heading-title elementor-size-default\">Como o lugarAI funciona<\/h2>\t\t\t\t<\/div>\n\t\t\t\t<\/div>\n\t\t\t\t<div class=\"elementor-element elementor-element-352028a elementor-widget__width-auto elementor-widget elementor-widget-heading\" data-id=\"352028a\" data-element_type=\"widget\" data-widget_type=\"heading.default\">\n\t\t\t\t<div class=\"elementor-widget-container\">\n\t\t\t\t\t<h2 class=\"elementor-heading-title elementor-size-default\">Integra\u00e7\u00e3o Inteligente de IA para o Mercado Imobili\u00e1rio<\/h2>\t\t\t\t<\/div>\n\t\t\t\t<\/div>\n\t\t\t\t<div class=\"elementor-element elementor-element-2988a12 elementor-widget__width-initial elementor-widget elementor-widget-text-editor\" data-id=\"2988a12\" data-element_type=\"widget\" data-widget_type=\"text-editor.default\">\n\t\t\t\t<div class=\"elementor-widget-container\">\n\t\t\t\t\t\t\t\t\t<h4>lugarAI \u00e9 um chatbot avan\u00e7ado com IA, desenvolvido para ajudar empresas imobili\u00e1rias a engajar compradores e locat\u00e1rios potenciais com facilidade. Nossa solu\u00e7\u00e3o se integra perfeitamente ao seu site, proporcionando uma maneira inteligente e interativa para que os visitantes encontrem o im\u00f3vel ideal com base em suas necessidades.<\/h4>\t\t\t\t\t\t\t\t<\/div>\n\t\t\t\t<\/div>\n\t\t\t\t<div class=\"elementor-element elementor-element-6e55bf0 elementor-widget__width-initial elementor-widget elementor-widget-text-editor\" data-id=\"6e55bf0\" data-element_type=\"widget\" data-widget_type=\"text-editor.default\">\n\t\t\t\t<div class=\"elementor-widget-container\">\n\t\t\t\t\t\t\t\t\t<h3><strong>Integra\u00e7\u00e3o F\u00e1cil<\/strong><\/h3><ol start=\"1\" data-spread=\"false\"><li><strong>Cadastro e Configura\u00e7\u00e3o<\/strong> \u2013 Crie uma conta no LugarAI e configure seu chatbot em minutos.<\/li><li><strong>Upload de Dados<\/strong> Envie seus an\u00fancios de im\u00f3veis via arquivo CSV ou conecte seu banco de dados para atualiza\u00e7\u00f5es em tempo real.<\/li><li><strong>Instala\u00e7\u00e3o do Widget<\/strong> Copie e cole o c\u00f3digo do widget no seu site e o LugarAI estar\u00e1 pronto para atender os visitantes instantaneamente.<\/li><\/ol>\t\t\t\t\t\t\t\t<\/div>\n\t\t\t\t<\/div>\n\t\t\t\t<div class=\"elementor-element elementor-element-8717b8d elementor-widget__width-initial elementor-widget elementor-widget-text-editor\" data-id=\"8717b8d\" data-element_type=\"widget\" data-widget_type=\"text-editor.default\">\n\t\t\t\t<div class=\"elementor-widget-container\">\n\t\t\t\t\t\t\t\t\t<h3><strong style=\"color: inherit; font-family: inherit; font-size: 1.75rem; text-align: var(--text-align);\">Busca de Im\u00f3veis Potencializada por IA<\/strong><\/h3><ol start=\"1\" data-spread=\"false\"><li><strong>Conversa natural<\/strong> Os usu\u00e1rios descrevem o que est\u00e3o procurando, e o lugarAI entende suas necessidades usando IA avan\u00e7ada.<\/li><li><strong>Filtragem inteligente<\/strong> \u2013 O chatbot faz at\u00e9 tr\u00eas perguntas adicionais para refinar os resultados da busca.<\/li><li><strong>Correspond\u00eancias personalizadas<\/strong> \u2013 lugarAI apresenta os im\u00f3veis mais relevantes, incluindo fotos, descri\u00e7\u00f5es e tours virtuais.<\/li><\/ol>\t\t\t\t\t\t\t\t<\/div>\n\t\t\t\t<\/div>\n\t\t\t\t<div class=\"elementor-element elementor-element-5c58995 elementor-widget__width-initial elementor-widget elementor-widget-text-editor\" data-id=\"5c58995\" data-element_type=\"widget\" data-widget_type=\"text-editor.default\">\n\t\t\t\t<div class=\"elementor-widget-container\">\n\t\t\t\t\t\t\t\t\t<h3><strong style=\"color: inherit; font-family: inherit; font-size: 1.75rem; text-align: var(--text-align);\">Engajamento Avan\u00e7ado do Usu\u00e1rio<\/strong><\/h3><ol start=\"1\" data-spread=\"false\"><li><strong>Informa\u00e7\u00f5es sobre o bairro<\/strong> O lugarAI fornece informa\u00e7\u00f5es sobre comodidades pr\u00f3ximas, escolas, transporte e estilo de vida.<\/li><li><strong>M\u00eddia interativa<\/strong> Os usu\u00e1rios podem visualizar imagens de alta qualidade, \u00e1reas comuns e unidades mobiliadas.<\/li><li><strong>Captura de leads<\/strong> Coleta informa\u00e7\u00f5es de contato e prefer\u00eancias dos usu\u00e1rios para acompanhamento.<\/li><\/ol>\t\t\t\t\t\t\t\t<\/div>\n\t\t\t\t<\/div>\n\t\t\t\t<div class=\"elementor-element elementor-element-2d85db6 elementor-widget__width-initial elementor-widget elementor-widget-text-editor\" data-id=\"2d85db6\" data-element_type=\"widget\" data-widget_type=\"text-editor.default\">\n\t\t\t\t<div class=\"elementor-widget-container\">\n\t\t\t\t\t\t\t\t\t<h3><strong style=\"color: inherit; font-family: inherit; font-size: 1.75rem; text-align: var(--text-align);\">Integra\u00e7\u00e3o Perfeita com CRM e Suporte ao Cliente<\/strong><\/h3><ol start=\"1\" data-spread=\"false\"><li><strong>Sincroniza\u00e7\u00e3o com CRM<\/strong> \u2013 Integre ao seu CRM para acompanhar leads e gerenciar o follow-up.<\/li><li><strong>Transfer\u00eancia para agente ao vivo<\/strong> Quando necess\u00e1rio, o LugarAI conecta usu\u00e1rios a um corretor para um suporte personalizado.<\/li><li><strong>Aprendizado do usu\u00e1rio e an\u00e1lise<\/strong> \u2013 Obtenha insights sobre prefer\u00eancias e tend\u00eancias para aprimorar suas estrat\u00e9gias de marketing.<\/li><\/ol>\t\t\t\t\t\t\t\t<\/div>\n\t\t\t\t<\/div>\n\t\t\t\t<div class=\"elementor-element elementor-element-803b06c elementor-widget__width-initial elementor-widget elementor-widget-text-editor\" data-id=\"803b06c\" data-element_type=\"widget\" data-widget_type=\"text-editor.default\">\n\t\t\t\t<div class=\"elementor-widget-container\">\n\t\t\t\t\t\t\t\t\t<h3><strong style=\"color: inherit; font-family: inherit; font-size: 1.75rem; text-align: var(--text-align);\">Aprendizado e Otimiza\u00e7\u00e3o Cont\u00ednuos<\/strong><\/h3><ol start=\"1\" data-spread=\"false\"><li><strong>Evolu\u00e7\u00e3o da IA<\/strong> \u2013 lugarAI melhora com o tempo, aprendendo com as intera\u00e7\u00f5es dos usu\u00e1rios.<\/li><li><strong>Processamento automatizado de conte\u00fado<\/strong> \u2013 O chatbot coleta informa\u00e7\u00f5es de sites imobili\u00e1rios para aprimorar as respostas.<\/li><li><strong>Suporte multil\u00edngue<\/strong> \u2013 Engage users in their preferred language for a better experience<\/li><\/ol>\t\t\t\t\t\t\t\t<\/div>\n\t\t\t\t<\/div>\n\t\t\t\t<div class=\"elementor-element elementor-element-ba6ae41 elementor-widget__width-initial elementor-widget elementor-widget-text-editor\" data-id=\"ba6ae41\" data-element_type=\"widget\" data-widget_type=\"text-editor.default\">\n\t\t\t\t<div class=\"elementor-widget-container\">\n\t\t\t\t\t\t\t\t\t<h3><strong>Por que escolher o LugarAI?<\/strong><\/h3><p><img decoding=\"async\" class=\"emoji\" role=\"img\" draggable=\"false\" src=\"https:\/\/s.w.org\/images\/core\/emoji\/15.0.3\/svg\/2705.svg\" alt=\"\u2705\" \/> <strong>Configura\u00e7\u00e3o r\u00e1pida e f\u00e1cil<\/strong> \u2013 Nenhuma expertise t\u00e9cnica necess\u00e1ria. <br \/><img decoding=\"async\" class=\"emoji\" role=\"img\" draggable=\"false\" src=\"https:\/\/s.w.org\/images\/core\/emoji\/15.0.3\/svg\/2705.svg\" alt=\"\u2705\" \/> <strong>Precis\u00e3o baseada em IA<\/strong> \u2013 Encontra im\u00f3veis que realmente atendem \u00e0s necessidades dos usu\u00e1rios. <br \/><img decoding=\"async\" class=\"emoji\" role=\"img\" draggable=\"false\" src=\"https:\/\/s.w.org\/images\/core\/emoji\/15.0.3\/svg\/2705.svg\" alt=\"\u2705\" \/> <strong>Maior engajamento<\/strong> \u2013 Oferece uma experi\u00eancia fluida e interativa. <br \/><img decoding=\"async\" class=\"emoji\" role=\"img\" draggable=\"false\" src=\"https:\/\/s.w.org\/images\/core\/emoji\/15.0.3\/svg\/2705.svg\" alt=\"\u2705\" \/> <strong>Aumento nas convers\u00f5es<\/strong> \u2013 Captura leads e os conecta com corretores de forma eficiente. <br \/><img decoding=\"async\" class=\"emoji\" role=\"img\" draggable=\"false\" src=\"https:\/\/s.w.org\/images\/core\/emoji\/15.0.3\/svg\/2705.svg\" alt=\"\u2705\" \/> <strong>Solu\u00e7\u00e3o escal\u00e1vel<\/strong> \u2013 Atende desde pequenas imobili\u00e1rias at\u00e9 grandes empreendimentos.<\/p>\t\t\t\t\t\t\t\t<\/div>\n\t\t\t\t<\/div>\n\t\t<div class=\"elementor-element elementor-element-d613a69 e-flex e-con-boxed e-con e-child\" data-id=\"d613a69\" data-element_type=\"container\">\n\t\t\t\t\t<div class=\"e-con-inner\">\n\t\t\t\t<div class=\"elementor-element elementor-element-862de75 elementor-widget__width-initial elementor-widget elementor-widget-text-editor\" data-id=\"862de75\" data-element_type=\"widget\" data-widget_type=\"text-editor.default\">\n\t\t\t\t<div class=\"elementor-widget-container\">\n\t\t\t\t\t\t\t\t\t<h3><strong>Transforme seu site imobili\u00e1rio com o lugarAI hoje e revolucione a forma como os clientes encontram o im\u00f3vel dos seus sonhos!<\/strong><\/h3>\t\t\t\t\t\t\t\t<\/div>\n\t\t\t\t<\/div>\n\t\t\t\t<div class=\"elementor-element elementor-element-37f361e elementor-align-center elementor-widget elementor-widget-button\" data-id=\"37f361e\" data-element_type=\"widget\" data-widget_type=\"button.default\">\n\t\t\t\t<div class=\"elementor-widget-container\">\n\t\t\t\t\t\t\t\t\t<div class=\"elementor-button-wrapper\">\n\t\t\t\t\t<a class=\"elementor-button elementor-button-link elementor-size-sm\" href=\"https:\/\/lugarai.com\/pt\/join-the-waitlist\/\">\n\t\t\t\t\t\t<span class=\"elementor-button-content-wrapper\">\n\t\t\t\t\t\t\t\t\t<span class=\"elementor-button-text\">ENTRE NA LISTA DE ESPERA<\/span>\n\t\t\t\t\t<\/span>\n\t\t\t\t\t<\/a>\n\t\t\t\t<\/div>\n\t\t\t\t\t\t\t\t<\/div>\n\t\t\t\t<\/div>\n\t\t\t\t\t<\/div>\n\t\t\t\t<\/div>\n\t\t\t\t<div class=\"elementor-element elementor-element-1806e02 elementor-widget elementor-widget-spacer\" data-id=\"1806e02\" data-element_type=\"widget\" data-widget_type=\"spacer.default\">\n\t\t\t\t<div class=\"elementor-widget-container\">\n\t\t\t\t\t\t\t<div class=\"elementor-spacer\">\n\t\t\t<div class=\"elementor-spacer-inner\"><\/div>\n\t\t<\/div>\n\t\t\t\t\t\t<\/div>\n\t\t\t\t<\/div>\n\t\t\t\t\t<\/div>\n\t\t\t\t<\/div>\n\t\t\t\t<\/div>","protected":false},"excerpt":{"rendered":"<p>Nossa solu\u00e7\u00e3o se integra perfeitamente ao seu site, oferecendo uma maneira inteligente e interativa para os visitantes encontrarem o im\u00f3vel perfeito com base em suas necessidades.<\/p>","protected":false},"author":1,"featured_media":0,"parent":0,"menu_order":0,"comment_status":"closed","ping_status":"closed","template":"","meta":{"footnotes":""},"class_list":["post-2625","page","type-page","status-publish","hentry"],"yoast_head":"<!-- This site is optimized with the Yoast SEO Premium plugin v23.7 (Yoast SEO v23.7) - https:\/\/yoast.com\/wordpress\/plugins\/seo\/ -->\n<title>How it Works - lugarAI<\/title>\n<meta name=\"description\" content=\"lugarAI is a Smart AI Real Estate Assistant designed to assist real estate companies in engaging potential buyers and renters with ease. Our solution integrates seamlessly into your website\" \/>\n<meta name=\"robots\" content=\"index, follow, max-snippet:-1, max-image-preview:large, max-video-preview:-1\" \/>\n<link rel=\"canonical\" href=\"https:\/\/lugarai.com\/pt\/how-it-works\/\" \/>\n<meta property=\"og:locale\" content=\"pt_BR\" \/>\n<meta property=\"og:type\" content=\"article\" \/>\n<meta property=\"og:title\" content=\"lugarAI \u2013 Smart AI Real Estate Assistant- How it WorksHow it Works\" \/>\n<meta property=\"og:description\" content=\"lugarAI is an is a Smart AI Real Estate Assistant designed to assist real estate companies in engaging potential buyers and renters with ease. Our solution integrates seamlessly into your website\" \/>\n<meta property=\"og:url\" content=\"https:\/\/lugarai.com\/pt\/how-it-works\/\" \/>\n<meta property=\"og:site_name\" content=\"lugarAI\" \/>\n<meta property=\"article:modified_time\" content=\"2025-03-26T15:14:29+00:00\" \/>\n<meta property=\"og:image\" content=\"https:\/\/lugarai.com\/wp-content\/uploads\/2025\/02\/Lugar-1-e1740583729140.png\" \/>\n\t<meta property=\"og:image:width\" content=\"937\" \/>\n\t<meta property=\"og:image:height\" content=\"660\" \/>\n\t<meta property=\"og:image:type\" content=\"image\/png\" \/>\n<meta name=\"twitter:card\" content=\"summary_large_image\" \/>\n<meta name=\"twitter:title\" content=\"lugarAI \u2013 How it Works- Smart Real Estate Ai Assistant | Automated Property Search How it Works\" \/>\n<meta name=\"twitter:description\" content=\"lugarAI is an is a Smart AI Real Estate Assistant designed to assist real estate companies in engaging potential buyers and renters with ease. Our solution integrates seamlessly into your website\" \/>\n<meta name=\"twitter:label1\" content=\"Est. tempo de leitura\" \/>\n\t<meta name=\"twitter:data1\" content=\"3 minutos\" \/>\n<script type=\"application\/ld+json\" class=\"yoast-schema-graph\">{\"@context\":\"https:\/\/schema.org\",\"@graph\":[{\"@type\":\"WebPage\",\"@id\":\"https:\/\/lugarai.com\/how-it-works\/\",\"url\":\"https:\/\/lugarai.com\/how-it-works\/\",\"name\":\"How it Works - lugarAI\",\"isPartOf\":{\"@id\":\"https:\/\/www.lugarai.com\/#website\"},\"primaryImageOfPage\":{\"@id\":\"https:\/\/lugarai.com\/how-it-works\/#primaryimage\"},\"image\":{\"@id\":\"https:\/\/lugarai.com\/how-it-works\/#primaryimage\"},\"thumbnailUrl\":\"https:\/\/s.w.org\/images\/core\/emoji\/15.0.3\/svg\/2705.svg\",\"datePublished\":\"2025-02-23T22:45:12+00:00\",\"dateModified\":\"2025-03-26T15:14:29+00:00\",\"description\":\"lugarAI is a Smart AI Real Estate Assistant designed to assist real estate companies in engaging potential buyers and renters with ease. Our solution integrates seamlessly into your website\",\"breadcrumb\":{\"@id\":\"https:\/\/lugarai.com\/how-it-works\/#breadcrumb\"},\"inLanguage\":\"pt-BR\",\"potentialAction\":[{\"@type\":\"ReadAction\",\"target\":[\"https:\/\/lugarai.com\/how-it-works\/\"]}]},{\"@type\":\"ImageObject\",\"inLanguage\":\"pt-BR\",\"@id\":\"https:\/\/lugarai.com\/how-it-works\/#primaryimage\",\"url\":\"https:\/\/s.w.org\/images\/core\/emoji\/15.0.3\/svg\/2705.svg\",\"contentUrl\":\"https:\/\/s.w.org\/images\/core\/emoji\/15.0.3\/svg\/2705.svg\"},{\"@type\":\"BreadcrumbList\",\"@id\":\"https:\/\/lugarai.com\/how-it-works\/#breadcrumb\",\"itemListElement\":[{\"@type\":\"ListItem\",\"position\":1,\"name\":\"Home\",\"item\":\"https:\/\/lugarai.com\/\"},{\"@type\":\"ListItem\",\"position\":2,\"name\":\"How it Works\"}]},{\"@type\":\"WebSite\",\"@id\":\"https:\/\/www.lugarai.com\/#website\",\"url\":\"https:\/\/www.lugarai.com\/\",\"name\":\"lugarAI\",\"description\":\"LugarAI \u2013 Smart Real Estate Chatbot | Automated Property Search\",\"publisher\":{\"@id\":\"https:\/\/www.lugarai.com\/#organization\"},\"potentialAction\":[{\"@type\":\"SearchAction\",\"target\":{\"@type\":\"EntryPoint\",\"urlTemplate\":\"https:\/\/www.lugarai.com\/?s={search_term_string}\"},\"query-input\":{\"@type\":\"PropertyValueSpecification\",\"valueRequired\":true,\"valueName\":\"search_term_string\"}}],\"inLanguage\":\"pt-BR\"},{\"@type\":\"Organization\",\"@id\":\"https:\/\/www.lugarai.com\/#organization\",\"name\":\"lugarAI\",\"url\":\"https:\/\/www.lugarai.com\/\",\"logo\":{\"@type\":\"ImageObject\",\"inLanguage\":\"pt-BR\",\"@id\":\"https:\/\/www.lugarai.com\/#\/schema\/logo\/image\/\",\"url\":\"https:\/\/lugarai.com\/wp-content\/uploads\/2025\/02\/lugarlogop.png\",\"contentUrl\":\"https:\/\/lugarai.com\/wp-content\/uploads\/2025\/02\/lugarlogop.png\",\"width\":298,\"height\":80,\"caption\":\"lugarAI\"},\"image\":{\"@id\":\"https:\/\/www.lugarai.com\/#\/schema\/logo\/image\/\"}}]}<\/script>\n<!-- \/ Yoast SEO Premium plugin. -->","yoast_head_json":{"title":"How it Works - lugarAI","description":"lugarAI is a Smart AI Real Estate Assistant designed to assist real estate companies in engaging potential buyers and renters with ease. Our solution integrates seamlessly into your website","robots":{"index":"index","follow":"follow","max-snippet":"max-snippet:-1","max-image-preview":"max-image-preview:large","max-video-preview":"max-video-preview:-1"},"canonical":"https:\/\/lugarai.com\/pt\/how-it-works\/","og_locale":"pt_BR","og_type":"article","og_title":"lugarAI \u2013 Smart AI Real Estate Assistant- How it WorksHow it Works","og_description":"lugarAI is an is a Smart AI Real Estate Assistant designed to assist real estate companies in engaging potential buyers and renters with ease. Our solution integrates seamlessly into your website","og_url":"https:\/\/lugarai.com\/pt\/how-it-works\/","og_site_name":"lugarAI","article_modified_time":"2025-03-26T15:14:29+00:00","og_image":[{"width":937,"height":660,"url":"https:\/\/lugarai.com\/wp-content\/uploads\/2025\/02\/Lugar-1-e1740583729140.png","type":"image\/png"}],"twitter_card":"summary_large_image","twitter_title":"lugarAI \u2013 How it Works- Smart Real Estate Ai Assistant | Automated Property Search How it Works","twitter_description":"lugarAI is an is a Smart AI Real Estate Assistant designed to assist real estate companies in engaging potential buyers and renters with ease. Our solution integrates seamlessly into your website","twitter_misc":{"Est. tempo de leitura":"3 minutos"},"schema":{"@context":"https:\/\/schema.org","@graph":[{"@type":"WebPage","@id":"https:\/\/lugarai.com\/how-it-works\/","url":"https:\/\/lugarai.com\/how-it-works\/","name":"How it Works - lugarAI","isPartOf":{"@id":"https:\/\/www.lugarai.com\/#website"},"primaryImageOfPage":{"@id":"https:\/\/lugarai.com\/how-it-works\/#primaryimage"},"image":{"@id":"https:\/\/lugarai.com\/how-it-works\/#primaryimage"},"thumbnailUrl":"https:\/\/s.w.org\/images\/core\/emoji\/15.0.3\/svg\/2705.svg","datePublished":"2025-02-23T22:45:12+00:00","dateModified":"2025-03-26T15:14:29+00:00","description":"lugarAI is a Smart AI Real Estate Assistant designed to assist real estate companies in engaging potential buyers and renters with ease. Our solution integrates seamlessly into your website","breadcrumb":{"@id":"https:\/\/lugarai.com\/how-it-works\/#breadcrumb"},"inLanguage":"pt-BR","potentialAction":[{"@type":"ReadAction","target":["https:\/\/lugarai.com\/how-it-works\/"]}]},{"@type":"ImageObject","inLanguage":"pt-BR","@id":"https:\/\/lugarai.com\/how-it-works\/#primaryimage","url":"https:\/\/s.w.org\/images\/core\/emoji\/15.0.3\/svg\/2705.svg","contentUrl":"https:\/\/s.w.org\/images\/core\/emoji\/15.0.3\/svg\/2705.svg"},{"@type":"BreadcrumbList","@id":"https:\/\/lugarai.com\/how-it-works\/#breadcrumb","itemListElement":[{"@type":"ListItem","position":1,"name":"Home","item":"https:\/\/lugarai.com\/"},{"@type":"ListItem","position":2,"name":"How it Works"}]},{"@type":"WebSite","@id":"https:\/\/www.lugarai.com\/#website","url":"https:\/\/www.lugarai.com\/","name":"lugarAI","description":"LugarAI \u2013 Smart Real Estate Chatbot | Automated Property Search","publisher":{"@id":"https:\/\/www.lugarai.com\/#organization"},"potentialAction":[{"@type":"SearchAction","target":{"@type":"EntryPoint","urlTemplate":"https:\/\/www.lugarai.com\/?s={search_term_string}"},"query-input":{"@type":"PropertyValueSpecification","valueRequired":true,"valueName":"search_term_string"}}],"inLanguage":"pt-BR"},{"@type":"Organization","@id":"https:\/\/www.lugarai.com\/#organization","name":"lugarAI","url":"https:\/\/www.lugarai.com\/","logo":{"@type":"ImageObject","inLanguage":"pt-BR","@id":"https:\/\/www.lugarai.com\/#\/schema\/logo\/image\/","url":"https:\/\/lugarai.com\/wp-content\/uploads\/2025\/02\/lugarlogop.png","contentUrl":"https:\/\/lugarai.com\/wp-content\/uploads\/2025\/02\/lugarlogop.png","width":298,"height":80,"caption":"lugarAI"},"image":{"@id":"https:\/\/www.lugarai.com\/#\/schema\/logo\/image\/"}}]}},"_links":{"self":[{"href":"https:\/\/lugarai.com\/pt\/wp-json\/wp\/v2\/pages\/2625","targetHints":{"allow":["GET"]}}],"collection":[{"href":"https:\/\/lugarai.com\/pt\/wp-json\/wp\/v2\/pages"}],"about":[{"href":"https:\/\/lugarai.com\/pt\/wp-json\/wp\/v2\/types\/page"}],"author":[{"embeddable":true,"href":"https:\/\/lugarai.com\/pt\/wp-json\/wp\/v2\/users\/1"}],"replies":[{"embeddable":true,"href":"https:\/\/lugarai.com\/pt\/wp-json\/wp\/v2\/comments?post=2625"}],"version-history":[{"count":95,"href":"https:\/\/lugarai.com\/pt\/wp-json\/wp\/v2\/pages\/2625\/revisions"}],"predecessor-version":[{"id":3281,"href":"https:\/\/lugarai.com\/pt\/wp-json\/wp\/v2\/pages\/2625\/revisions\/3281"}],"wp:attachment":[{"href":"https:\/\/lugarai.com\/pt\/wp-json\/wp\/v2\/media?parent=2625"}],"curies":[{"name":"wp","href":"https:\/\/api.w.org\/{rel}","templated":true}]}}